{"id":702,"date":"2024-08-07T09:59:09","date_gmt":"2024-08-07T07:59:09","guid":{"rendered":"https:\/\/saghidrolik.saggroup.com\/bizimle-calisin\/"},"modified":"2024-10-31T14:58:06","modified_gmt":"2024-10-31T13:58:06","slug":"bizimle-calisin","status":"publish","type":"page","link":"https:\/\/saghidrolik.saggroup.com\/tr\/bizimle-calisin\/","title":{"rendered":"B\u0130Z\u0130MLE \u00c7ALI\u015eIN"},"content":{"rendered":"<div class=\"wpb-content-wrapper\"><p>[vc_row css_animation=&#8221;&#8221; row_type=&#8221;row&#8221; use_row_as_full_screen_section=&#8221;no&#8221; type=&#8221;full_width&#8221; angled_section=&#8221;no&#8221; text_align=&#8221;left&#8221; background_image_as_pattern=&#8221;without_pattern&#8221; css=&#8221;.vc_custom_1722950004168{margin-bottom: 30px !important;}&#8221; z_index=&#8221;&#8221;][vc_column][vc_column_text el_class=&#8221;color-accent&#8221;]<\/p>\n<h4>K2016\/679 say\u0131l\u0131 AB T\u00fcz\u00fc\u011f\u00fcn\u00fcn 13-14. Maddeleri uyar\u0131nca ki\u015fisel verilerin i\u015flenmesine ili\u015fkin gizlilik bildirimi.<\/h4>\n<p>[\/vc_column_text][\/vc_column][\/vc_row][vc_row css_animation=&#8221;&#8221; row_type=&#8221;row&#8221; use_row_as_full_screen_section=&#8221;yes&#8221; type=&#8221;full_width&#8221; angled_section=&#8221;no&#8221; text_align=&#8221;left&#8221; background_image_as_pattern=&#8221;without_pattern&#8221; el_class=&#8221;scroll-block&#8221; z_index=&#8221;&#8221;][vc_column][vc_column_text css=&#8221;.vc_custom_1730382890916{padding-bottom: 10px !important;}&#8221;]<\/p>\n<p>2016\/679 say\u0131l\u0131 Genel Veri Koruma Y\u00f6netmeli\u011fi 13. Maddesi uyar\u0131nca a\u015fa\u011f\u0131daki bilgileri sunmaktay\u0131z:<br \/>\nKi\u015fisel verilerin Veri Sorumlusu, Sakarya 2. Organize Sanayi B\u00f6lgesi 3 No&#8217;lu Yol No:20 54300 Kargal\u0131hanbaba, Hendek adresinde bulunan SAG Hi\u0307droli\u0307k&#8217;tir.<\/p>\n<p>Sa\u011flanan ki\u015fisel veriler a\u015fa\u011f\u0131dakilere tabi olacakt\u0131r:<br \/>\nR\u0131za ile ilgili olarak: \u015eirketin web sitesinde bulunan ara\u00e7lar\u0131 kullanarak g\u00f6nderdi\u011finiz ba\u015fvurunun de\u011ferlendirilmesine y\u00f6nelik i\u015fleme.<\/p>\n<p>Yukar\u0131da a\u00e7\u0131klanan i\u015flemin ama\u00e7lar\u0131 dikkate al\u0131nd\u0131\u011f\u0131nda, verilerin sa\u011flanmas\u0131n\u0131n iste\u011fe ba\u011fl\u0131 oldu\u011funu ve bunlar\u0131n sa\u011flanamamas\u0131n\u0131n ba\u015fvurunuzun de\u011ferlendirilmesine devam edilememesine neden olabilece\u011fi anla\u015f\u0131lmaktad\u0131r.<\/p>\n<p>\u0130\u015fleme, bilgisayar ara\u00e7lar\u0131 kullan\u0131larak, yukar\u0131da belirtilen ama\u00e7lar do\u011frultusunda \u00f6zel i\u015fleme y\u00f6ntemleriyle ve her durumda, y\u00fcr\u00fcrl\u00fckteki mevzuat\u0131n gerektirdi\u011fi organizasyonel, fiziksel ve mant\u0131ksal \u00f6nlemlere uygun olarak verilerin g\u00fcvenli\u011fini, b\u00fct\u00fcnl\u00fc\u011f\u00fcn\u00fc ve gizlili\u011fini sa\u011flayacak \u015fekilde ger\u00e7ekle\u015ftirilecektir.<br \/>\nVerileriniz SAG d\u0131\u015f\u0131ndaki \u00fc\u00e7\u00fcnc\u00fc taraflara iletilmeyecektir.<br \/>\nSa\u011flad\u0131\u011f\u0131n\u0131z \u00f6zge\u00e7mi\u015f verileri, yaz\u0131l\u0131 olarak silinmesini talep etmedi\u011finiz s\u00fcrece, mevcut ve gelecekteki se\u00e7imlerle ilgili ama\u00e7lar i\u00e7in, verildi\u011fi tarihten itibaren en fazla 24 ay s\u00fcreyle bir veritaban\u0131nda saklanacakt\u0131r.<\/p>\n<p>Genel Veri Koruma Y\u00f6netmeli\u011fi&#8217;nin 15. Maddesi uyar\u0131nca, istedi\u011finiz zaman Veri Sorumlusundan sizinle ilgili ki\u015fisel verilerin i\u015flenip i\u015flenmedi\u011fine dair onay alma ve i\u015fleniyorsa ki\u015fisel verilere eri\u015fme ve a\u015fa\u011f\u0131dakiler hakk\u0131nda bilgi alma hakk\u0131na sahipsiniz:<br \/>\n&#8211; i\u015fleme ama\u00e7lar\u0131;<br \/>\n&#8211; ki\u015fisel veri kategorileri;<br \/>\n&#8211; \u00f6zellikle al\u0131c\u0131lar\u0131n \u00fc\u00e7\u00fcnc\u00fc \u00fclkeler veya uluslararas\u0131 kurulu\u015flar olmas\u0131 halinde, ki\u015fisel verilerin iletildi\u011fi veya iletilece\u011fi al\u0131c\u0131lar veya al\u0131c\u0131 kategorileri;<br \/>\n&#8211; ki\u015fisel verilerin saklanaca\u011f\u0131 \u00f6ng\u00f6r\u00fclen s\u00fcre.<br \/>\nAyr\u0131ca a\u015fa\u011f\u0131daki haklar\u0131n\u0131z\u0131 kullanabilirsiniz:<br \/>\n&#8211; ki\u015fisel verilerin d\u00fczeltilmesi veya silinmesi;<br \/>\n&#8211; veri ta\u015f\u0131nabilirli\u011fi;<br \/>\n&#8211; sizinle ilgili ki\u015fisel verilerin i\u015flenmesinin k\u0131s\u0131tlanmas\u0131;<br \/>\n&#8211; i\u015flemeye kar\u015f\u0131 \u00e7\u0131kma;<br \/>\n&#8211; r\u0131zan\u0131n geri \u00e7ekilmesi;<br \/>\n&#8211; denetleyici bir makama \u015fikayette bulunma.<\/p>\n<p>Yukar\u0131da listelenen haklar\u0131 kullanmak i\u00e7in Sakarya 2. Organize Sanayi B\u00f6lgesi 3 No&#8217;lu Yol No:20 54300 Kargal\u0131hanbaba, Hendek adresindeki  SAG Hi\u0307droli\u0307k&#8217;e yazman\u0131z gerekmektedir.<\/p>\n<p>A\u015fa\u011f\u0131da imzas\u0131 bulunan taraf, 2016\/679 say\u0131l\u0131 AB T\u00fcz\u00fc\u011f\u00fcn\u00fcn 7. Maddesi uyar\u0131nca veri sorumlusu taraf\u0131ndan sa\u011flanan bilgileri (bilgi belgesi no. 14452.51.374812.1323537) edinerek, a\u015fa\u011f\u0131da listelenen opsiyonel ama\u00e7lar i\u00e7in ki\u015fisel verilerin i\u015flenmesine izin verir.<\/p>\n<p>EvetHay\u0131r istihdam ili\u015fkisi kurulmas\u0131 i\u00e7in personel se\u00e7imi<br \/>\n\u0130\u015fbirli\u011fi talebinde bulunmak i\u00e7in l\u00fctfen a\u015fa\u011f\u0131daki formu doldurun.<br \/>\n[\/vc_column_text][\/vc_column][\/vc_row][vc_row css_animation=&#8221;&#8221; row_type=&#8221;row&#8221; use_row_as_full_screen_section=&#8221;no&#8221; type=&#8221;full_width&#8221; angled_section=&#8221;no&#8221; text_align=&#8221;left&#8221; background_image_as_pattern=&#8221;without_pattern&#8221;][vc_column]\n<div class=\"wpcf7 no-js\" id=\"wpcf7-f549-o1\" lang=\"it-IT\" dir=\"ltr\">\n<div class=\"screen-reader-response\"><p role=\"status\" aria-live=\"polite\" aria-atomic=\"true\"><\/p> <ul><\/ul><\/div>\n<form action=\"\/tr\/wp-json\/wp\/v2\/pages\/702#wpcf7-f549-o1\" method=\"post\" class=\"wpcf7-form init default\" aria-label=\"Modulo di contatto\" enctype=\"multipart\/form-data\" novalidate=\"novalidate\" data-status=\"init\">\n<div style=\"display: none;\">\n<input type=\"hidden\" name=\"_wpcf7\" value=\"549\" \/>\n<input type=\"hidden\" name=\"_wpcf7_version\" value=\"5.9.8\" \/>\n<input type=\"hidden\" name=\"_wpcf7_locale\" value=\"it_IT\" \/>\n<input type=\"hidden\" name=\"_wpcf7_unit_tag\" value=\"wpcf7-f549-o1\" \/>\n<input type=\"hidden\" name=\"_wpcf7_container_post\" value=\"0\" \/>\n<input type=\"hidden\" name=\"_wpcf7_posted_data_hash\" value=\"\" \/>\n<\/div>\n<p><strong style=\"font-size: 18px\">The undersigned party, having acquired the information provided by the data controller pursuant to Article 7 of EU Regulation 2016\/679, (information document no. 14452.51.374812.1323537) hereby consents to the processing of personal data for the optional purposes listed below.<br \/>\n<span class=\"wpcf7-form-control-wrap\" data-name=\"finalita\"><span class=\"wpcf7-form-control wpcf7-radio\"><span class=\"wpcf7-list-item first\"><label><input type=\"radio\" name=\"finalita\" value=\"Yes\" checked=\"checked\" \/><span class=\"wpcf7-list-item-label\">Yes<\/span><\/label><\/span><span class=\"wpcf7-list-item last\"><label><input type=\"radio\" name=\"finalita\" value=\"No\" \/><span class=\"wpcf7-list-item-label\">No<\/span><\/label><\/span><\/span><\/span> <span style=\"margin-left:25px\">selection of personnel for the establishment of an employment relationship<\/span><br \/>\nPlease fill out the form below to submit a collaboration request.<\/strong>\n<\/p>\n<div class=\"row\">\n\t<div class=\"vc_col-sm-6\">\n\t\t<p><label> Name*<br \/>\n<span class=\"wpcf7-form-control-wrap\" data-name=\"your-name\"><input size=\"40\" maxlength=\"400\" class=\"wpcf7-form-control wpcf7-text wpcf7-validates-as-required\" autocomplete=\"name\" aria-required=\"true\" aria-invalid=\"false\" value=\"\" type=\"text\" name=\"your-name\" \/><\/span> <\/label>\n\t\t<\/p>\n\t<\/div>\n\t<div class=\"vc_col-sm-6\">\n\t\t<p><label> Email*<br \/>\n<span class=\"wpcf7-form-control-wrap\" data-name=\"your-email\"><input size=\"40\" maxlength=\"400\" class=\"wpcf7-form-control wpcf7-email wpcf7-validates-as-required wpcf7-text wpcf7-validates-as-email\" autocomplete=\"email\" aria-required=\"true\" aria-invalid=\"false\" value=\"\" type=\"email\" name=\"your-email\" \/><\/span> <\/label>\n\t\t<\/p>\n\t<\/div>\n\t<div class=\"vc_col-sm-12\">\n\t\t<p><label> Message*<br \/>\n<span class=\"wpcf7-form-control-wrap\" data-name=\"your-message\"><textarea cols=\"40\" rows=\"10\" maxlength=\"2000\" class=\"wpcf7-form-control wpcf7-textarea wpcf7-validates-as-required\" aria-required=\"true\" aria-invalid=\"false\" name=\"your-message\"><\/textarea><\/span> <\/label>\n\t\t<\/p>\n\t<\/div>\n\t<div class=\"vc_col-sm-12\">\n\t\t<p><span class=\"wpcf7-form-control-wrap\" data-name=\"curriculum\"><input size=\"40\" class=\"wpcf7-form-control wpcf7-file wpcf7-validates-as-required curriculum\" accept=\".pdf,.doc,.docx\" aria-required=\"true\" aria-invalid=\"false\" type=\"file\" name=\"curriculum\" \/><\/span>\n\t\t<\/p>\n\t\t<p><input class=\"wpcf7-form-control wpcf7-submit has-spinner form-submit\" type=\"submit\" value=\"Send message\" \/>\n\t\t<\/p>\n\t<\/div>\n<\/div><div class=\"wpcf7-response-output\" aria-hidden=\"true\"><\/div>\n<\/form>\n<\/div>\n[\/vc_column][\/vc_row]<\/p>\n<\/div>","protected":false},"excerpt":{"rendered":"<p>[vc_row css_animation=&#8221;&#8221; row_type=&#8221;row&#8221; use_row_as_full_screen_section=&#8221;no&#8221; type=&#8221;full_width&#8221; angled_section=&#8221;no&#8221; text_align=&#8221;left&#8221; background_image_as_pattern=&#8221;without_pattern&#8221; css=&#8221;.vc_custom_1722950004168{margin-bottom: 30px !important;}&#8221; z_index=&#8221;&#8221;][vc_column][vc_column_text el_class=&#8221;color-accent&#8221;] K2016\/679 say\u0131l\u0131 AB T\u00fcz\u00fc\u011f\u00fcn\u00fcn 13-14. Maddeleri uyar\u0131nca ki\u015fisel verilerin i\u015flenmesine ili\u015fkin gizlilik bildirimi. [\/vc_column_text][\/vc_column][\/vc_row][vc_row css_animation=&#8221;&#8221; row_type=&#8221;row&#8221; use_row_as_full_screen_section=&#8221;yes&#8221; type=&#8221;full_width&#8221; angled_section=&#8221;no&#8221; text_align=&#8221;left&#8221; background_image_as_pattern=&#8221;without_pattern&#8221; el_class=&#8221;scroll-block&#8221; z_index=&#8221;&#8221;][vc_column][vc_column_text css=&#8221;.vc_custom_1730382890916{padding-bottom: 10px !important;}&#8221;] 2016\/679 say\u0131l\u0131 Genel Veri Koruma Y\u00f6netmeli\u011fi&#8230;<\/p>\n","protected":false},"author":1,"featured_media":0,"parent":0,"menu_order":0,"comment_status":"closed","ping_status":"closed","template":"","meta":{"inline_featured_image":false,"footnotes":""},"class_list":["post-702","page","type-page","status-publish","hentry"],"yoast_head":"<!-- This site is optimized with the Yoast SEO plugin v23.6 - https:\/\/yoast.com\/wordpress\/plugins\/seo\/ -->\n<title>Sag Hidrolik Turkey tube manipulation<\/title>\n<meta name=\"description\" content=\"Located logistically convenient to automotive hubs in Turkey and aiming for further overseas customers, SAG H\u0130DROL\u0130K TURKEY produces a wide range of rigid and flexible pipes in agricultural machinery, engine, industrial vehicles, earth-moving machinery segments. Our in-house capabilities and the variety of the business segments have been increasing on a steady and up-moving basis, as SAG H\u0130DROL\u0130K TURKEY continues to invest in machinery, technology, human resources, research and development.\" \/>\n<meta name=\"robots\" content=\"index, follow, max-snippet:-1, max-image-preview:large, max-video-preview:-1\" \/>\n<link rel=\"canonical\" href=\"https:\/\/saghidrolik.saggroup.com\/tr\/bizimle-calisin\/\" \/>\n<meta property=\"og:locale\" content=\"tr_TR\" \/>\n<meta property=\"og:type\" content=\"article\" \/>\n<meta property=\"og:title\" content=\"Sag Hidrolik Turkey tube manipulation\" \/>\n<meta property=\"og:description\" content=\"Located logistically convenient to automotive hubs in Turkey and aiming for further overseas customers, SAG H\u0130DROL\u0130K TURKEY produces a wide range of rigid and flexible pipes in agricultural machinery, engine, industrial vehicles, earth-moving machinery segments. Our in-house capabilities and the variety of the business segments have been increasing on a steady and up-moving basis, as SAG H\u0130DROL\u0130K TURKEY continues to invest in machinery, technology, human resources, research and development.\" \/>\n<meta property=\"og:url\" content=\"https:\/\/saghidrolik.saggroup.com\/tr\/bizimle-calisin\/\" \/>\n<meta property=\"og:site_name\" content=\"Sag Hidrolik\" \/>\n<meta property=\"article:modified_time\" content=\"2024-10-31T13:58:06+00:00\" \/>\n<meta name=\"twitter:card\" content=\"summary_large_image\" \/>\n<meta name=\"twitter:label1\" content=\"Tahmini okuma s\u00fcresi\" \/>\n\t<meta name=\"twitter:data1\" content=\"2 dakika\" \/>\n<script type=\"application\/ld+json\" class=\"yoast-schema-graph\">{\"@context\":\"https:\/\/schema.org\",\"@graph\":[{\"@type\":\"WebPage\",\"@id\":\"https:\/\/saghidrolik.saggroup.com\/tr\/bizimle-calisin\/\",\"url\":\"https:\/\/saghidrolik.saggroup.com\/tr\/bizimle-calisin\/\",\"name\":\"Sag Hidrolik Turkey tube manipulation\",\"isPartOf\":{\"@id\":\"https:\/\/saghidrolik.saggroup.com\/#website\"},\"datePublished\":\"2024-08-07T07:59:09+00:00\",\"dateModified\":\"2024-10-31T13:58:06+00:00\",\"description\":\"Located logistically convenient to automotive hubs in Turkey and aiming for further overseas customers, SAG H\u0130DROL\u0130K TURKEY produces a wide range of rigid and flexible pipes in agricultural machinery, engine, industrial vehicles, earth-moving machinery segments. Our in-house capabilities and the variety of the business segments have been increasing on a steady and up-moving basis, as SAG H\u0130DROL\u0130K TURKEY continues to invest in machinery, technology, human resources, research and development.\",\"breadcrumb\":{\"@id\":\"https:\/\/saghidrolik.saggroup.com\/tr\/bizimle-calisin\/#breadcrumb\"},\"inLanguage\":\"tr\",\"potentialAction\":[{\"@type\":\"ReadAction\",\"target\":[\"https:\/\/saghidrolik.saggroup.com\/tr\/bizimle-calisin\/\"]}]},{\"@type\":\"BreadcrumbList\",\"@id\":\"https:\/\/saghidrolik.saggroup.com\/tr\/bizimle-calisin\/#breadcrumb\",\"itemListElement\":[{\"@type\":\"ListItem\",\"position\":1,\"name\":\"Home\",\"item\":\"https:\/\/saghidrolik.saggroup.com\/tr\/\"},{\"@type\":\"ListItem\",\"position\":2,\"name\":\"B\u0130Z\u0130MLE \u00c7ALI\u015eIN\"}]},{\"@type\":\"WebSite\",\"@id\":\"https:\/\/saghidrolik.saggroup.com\/#website\",\"url\":\"https:\/\/saghidrolik.saggroup.com\/\",\"name\":\"Sag Hidrolik\",\"description\":\"\",\"potentialAction\":[{\"@type\":\"SearchAction\",\"target\":{\"@type\":\"EntryPoint\",\"urlTemplate\":\"https:\/\/saghidrolik.saggroup.com\/?s={search_term_string}\"},\"query-input\":{\"@type\":\"PropertyValueSpecification\",\"valueRequired\":true,\"valueName\":\"search_term_string\"}}],\"inLanguage\":\"tr\"}]}<\/script>\n<!-- \/ Yoast SEO plugin. -->","yoast_head_json":{"title":"Sag Hidrolik Turkey tube manipulation","description":"Located logistically convenient to automotive hubs in Turkey and aiming for further overseas customers, SAG H\u0130DROL\u0130K TURKEY produces a wide range of rigid and flexible pipes in agricultural machinery, engine, industrial vehicles, earth-moving machinery segments. Our in-house capabilities and the variety of the business segments have been increasing on a steady and up-moving basis, as SAG H\u0130DROL\u0130K TURKEY continues to invest in machinery, technology, human resources, research and development.","robots":{"index":"index","follow":"follow","max-snippet":"max-snippet:-1","max-image-preview":"max-image-preview:large","max-video-preview":"max-video-preview:-1"},"canonical":"https:\/\/saghidrolik.saggroup.com\/tr\/bizimle-calisin\/","og_locale":"tr_TR","og_type":"article","og_title":"Sag Hidrolik Turkey tube manipulation","og_description":"Located logistically convenient to automotive hubs in Turkey and aiming for further overseas customers, SAG H\u0130DROL\u0130K TURKEY produces a wide range of rigid and flexible pipes in agricultural machinery, engine, industrial vehicles, earth-moving machinery segments. Our in-house capabilities and the variety of the business segments have been increasing on a steady and up-moving basis, as SAG H\u0130DROL\u0130K TURKEY continues to invest in machinery, technology, human resources, research and development.","og_url":"https:\/\/saghidrolik.saggroup.com\/tr\/bizimle-calisin\/","og_site_name":"Sag Hidrolik","article_modified_time":"2024-10-31T13:58:06+00:00","twitter_card":"summary_large_image","twitter_misc":{"Tahmini okuma s\u00fcresi":"2 dakika"},"schema":{"@context":"https:\/\/schema.org","@graph":[{"@type":"WebPage","@id":"https:\/\/saghidrolik.saggroup.com\/tr\/bizimle-calisin\/","url":"https:\/\/saghidrolik.saggroup.com\/tr\/bizimle-calisin\/","name":"Sag Hidrolik Turkey tube manipulation","isPartOf":{"@id":"https:\/\/saghidrolik.saggroup.com\/#website"},"datePublished":"2024-08-07T07:59:09+00:00","dateModified":"2024-10-31T13:58:06+00:00","description":"Located logistically convenient to automotive hubs in Turkey and aiming for further overseas customers, SAG H\u0130DROL\u0130K TURKEY produces a wide range of rigid and flexible pipes in agricultural machinery, engine, industrial vehicles, earth-moving machinery segments. Our in-house capabilities and the variety of the business segments have been increasing on a steady and up-moving basis, as SAG H\u0130DROL\u0130K TURKEY continues to invest in machinery, technology, human resources, research and development.","breadcrumb":{"@id":"https:\/\/saghidrolik.saggroup.com\/tr\/bizimle-calisin\/#breadcrumb"},"inLanguage":"tr","potentialAction":[{"@type":"ReadAction","target":["https:\/\/saghidrolik.saggroup.com\/tr\/bizimle-calisin\/"]}]},{"@type":"BreadcrumbList","@id":"https:\/\/saghidrolik.saggroup.com\/tr\/bizimle-calisin\/#breadcrumb","itemListElement":[{"@type":"ListItem","position":1,"name":"Home","item":"https:\/\/saghidrolik.saggroup.com\/tr\/"},{"@type":"ListItem","position":2,"name":"B\u0130Z\u0130MLE \u00c7ALI\u015eIN"}]},{"@type":"WebSite","@id":"https:\/\/saghidrolik.saggroup.com\/#website","url":"https:\/\/saghidrolik.saggroup.com\/","name":"Sag Hidrolik","description":"","potentialAction":[{"@type":"SearchAction","target":{"@type":"EntryPoint","urlTemplate":"https:\/\/saghidrolik.saggroup.com\/?s={search_term_string}"},"query-input":{"@type":"PropertyValueSpecification","valueRequired":true,"valueName":"search_term_string"}}],"inLanguage":"tr"}]}},"rttpg_featured_image_url":null,"rttpg_author":{"display_name":"admin","author_link":"https:\/\/saghidrolik.saggroup.com\/tr\/author\/admin\/"},"rttpg_comment":0,"rttpg_category":" <a href=\"https:\/\/saghidrolik.saggroup.com\/tr\/?taxonomy=translation_priority&#038;term=opzionale-tr\" rel=\"tag\">Opzionale<\/a>","rttpg_excerpt":"[vc_row css_animation=&#8221;&#8221; row_type=&#8221;row&#8221; use_row_as_full_screen_section=&#8221;no&#8221; type=&#8221;full_width&#8221; angled_section=&#8221;no&#8221; text_align=&#8221;left&#8221; background_image_as_pattern=&#8221;without_pattern&#8221; css=&#8221;.vc_custom_1722950004168{margin-bottom: 30px !important;}&#8221; z_index=&#8221;&#8221;][vc_column][vc_column_text el_class=&#8221;color-accent&#8221;] K2016\/679 say\u0131l\u0131 AB T\u00fcz\u00fc\u011f\u00fcn\u00fcn 13-14. Maddeleri uyar\u0131nca ki\u015fisel verilerin i\u015flenmesine ili\u015fkin gizlilik bildirimi. [\/vc_column_text][\/vc_column][\/vc_row][vc_row css_animation=&#8221;&#8221; row_type=&#8221;row&#8221; use_row_as_full_screen_section=&#8221;yes&#8221; type=&#8221;full_width&#8221; angled_section=&#8221;no&#8221; text_align=&#8221;left&#8221; background_image_as_pattern=&#8221;without_pattern&#8221; el_class=&#8221;scroll-block&#8221; z_index=&#8221;&#8221;][vc_column][vc_column_text css=&#8221;.vc_custom_1730382890916{padding-bottom: 10px !important;}&#8221;] 2016\/679 say\u0131l\u0131 Genel Veri Koruma Y\u00f6netmeli\u011fi...","_links":{"self":[{"href":"https:\/\/saghidrolik.saggroup.com\/tr\/wp-json\/wp\/v2\/pages\/702"}],"collection":[{"href":"https:\/\/saghidrolik.saggroup.com\/tr\/wp-json\/wp\/v2\/pages"}],"about":[{"href":"https:\/\/saghidrolik.saggroup.com\/tr\/wp-json\/wp\/v2\/types\/page"}],"author":[{"embeddable":true,"href":"https:\/\/saghidrolik.saggroup.com\/tr\/wp-json\/wp\/v2\/users\/1"}],"replies":[{"embeddable":true,"href":"https:\/\/saghidrolik.saggroup.com\/tr\/wp-json\/wp\/v2\/comments?post=702"}],"version-history":[{"count":5,"href":"https:\/\/saghidrolik.saggroup.com\/tr\/wp-json\/wp\/v2\/pages\/702\/revisions"}],"predecessor-version":[{"id":796,"href":"https:\/\/saghidrolik.saggroup.com\/tr\/wp-json\/wp\/v2\/pages\/702\/revisions\/796"}],"wp:attachment":[{"href":"https:\/\/saghidrolik.saggroup.com\/tr\/wp-json\/wp\/v2\/media?parent=702"}],"curies":[{"name":"wp","href":"https:\/\/api.w.org\/{rel}","templated":true}]}}