{"id":697,"date":"2024-05-06T12:06:29","date_gmt":"2024-05-06T10:06:29","guid":{"rendered":"https:\/\/saghidrolik.saggroup.com\/urunler\/"},"modified":"2024-10-31T15:22:07","modified_gmt":"2024-10-31T14:22:07","slug":"urunler","status":"publish","type":"page","link":"https:\/\/saghidrolik.saggroup.com\/tr\/urunler\/","title":{"rendered":"\u00dcR\u00dcNLER"},"content":{"rendered":"<div class=\"wpb-content-wrapper\"><p>[vc_row css_animation=&#8221;&#8221; row_type=&#8221;row&#8221; use_row_as_full_screen_section=&#8221;no&#8221; type=&#8221;grid&#8221; angled_section=&#8221;no&#8221; text_align=&#8221;left&#8221; background_image_as_pattern=&#8221;without_pattern&#8221; z_index=&#8221;&#8221;][vc_column][vc_empty_space height=&#8221;50px&#8221;][vc_column_text] SAG Hi\u0307droli\u0307k T\u00fcrki\u0307ye, 4 mm&#8217;den 70 mm&#8217;ye kadar borular\u0131 \u015fekillendirme ve i\u015fleme kapasitesine sahiptir.<\/p>\n<p>[\/vc_column_text][vc_empty_space height=&#8221;50px&#8221;][\/vc_column][\/vc_row][vc_row css_animation=&#8221;&#8221; row_type=&#8221;row&#8221; use_row_as_full_screen_section=&#8221;yes&#8221; type=&#8221;grid&#8221; angled_section=&#8221;no&#8221; text_align=&#8221;left&#8221; background_image_as_pattern=&#8221;without_pattern&#8221; css=&#8221;.vc_custom_1717709571471{padding-top: 20px !important;padding-bottom: 50px !important;background-image: url(https:\/\/saghidrolik.saggroup.com\/wp-content\/uploads\/sites\/7\/2024\/06\/01TUBI-RIGIDI-PER-IMPIANTI-IDRAULICI.jpg?id=283) !important;}&#8221; z_index=&#8221;&#8221;][vc_column el_class=&#8221;soluzioni_row&#8221;][vc_empty_space height=&#8221;50px&#8221;][vc_column_text]<\/p>\n<h3 style=\"font-size: 34px; color: #fff; text-transform: capitalize;\">HI\u0307DROLI\u0307K SI\u0307STEMLER I\u0307\u00c7I\u0307N R\u0130J\u0130T BORULAR<\/h3>\n<p style=\"font-size: 26px; line-height: 36px; color: #fff;\">Sag Hidrolik, d\u00fc\u015f\u00fck, orta ve y\u00fcksek bas\u0131n\u00e7lar i\u00e7in rijit borular\u0131 \u015fekillendirebilir, u\u00e7lar\u0131ndan \u00e7e\u015fitli kaynak t\u00fcrleriyle veya borunun kendisini deforme ederek her t\u00fcrl\u00fc JIC, DIN, ORFS, SAE ba\u011flant\u0131s\u0131yla ba\u011flayabilir<br \/>\nSag Hidrolik, d\u00fc\u015f\u00fck, orta ve y\u00fcksek bas\u0131n\u00e7lar i\u00e7in rijit borular\u0131 \u015fekillendirebilir, u\u00e7lar\u0131ndan \u00e7e\u015fitli kaynak y\u00f6ntemleriyle veya borunun kendisini deforme ederek her t\u00fcrl\u00fc JIC, DIN, ORFS, SAE ba\u011flant\u0131s\u0131yla ba\u011flayabilir<\/p>\n<p>[\/vc_column_text][vc_empty_space height=&#8221;50px&#8221;][\/vc_column][\/vc_row][vc_row css_animation=&#8221;&#8221; row_type=&#8221;row&#8221; use_row_as_full_screen_section=&#8221;no&#8221; type=&#8221;grid&#8221; angled_section=&#8221;no&#8221; text_align=&#8221;left&#8221; background_image_as_pattern=&#8221;without_pattern&#8221; z_index=&#8221;&#8221;][vc_column][vc_empty_space height=&#8221;50px&#8221;][vc_gallery type=&#8221;image_grid&#8221; images=&#8221;94,96,98,104&#8243; img_size=&#8221;full&#8221; column_number=&#8221;4&#8243; grayscale=&#8221;no&#8221; images_space=&#8221;gallery_with_space&#8221;][vc_empty_space height=&#8221;50px&#8221;][\/vc_column][\/vc_row][vc_row css_animation=&#8221;&#8221; row_type=&#8221;row&#8221; use_row_as_full_screen_section=&#8221;yes&#8221; type=&#8221;grid&#8221; angled_section=&#8221;no&#8221; text_align=&#8221;left&#8221; background_image_as_pattern=&#8221;without_pattern&#8221; css=&#8221;.vc_custom_1717709715660{padding-top: 20px !important;padding-bottom: 50px !important;background-image: url(https:\/\/saghidrolik.saggroup.com\/wp-content\/uploads\/sites\/7\/2024\/06\/02TUBI-FLESSIBILI-E-MISTI-PER-IMPIANTI-IDRAULICI.jpg?id=287) !important;}&#8221; z_index=&#8221;&#8221;][vc_column el_class=&#8221;soluzioni_row&#8221;][vc_empty_space height=&#8221;50px&#8221;][vc_column_text]<\/p>\n<h3 style=\"font-size: 34px; color: #fff; text-transform: capitalize;\">HiDROLIK S\u0130STEMLER \u0130\u00c7\u0130N ESNEK VE H\u0130BR\u0130T BORULAR<\/h3>\n<p style=\"font-size: 26px; line-height: 36px; color: #fff;\">\u015eirket ayn\u0131 zamanda maksimum 5 in\u00e7e kadar d\u00fc\u015f\u00fck, orta ve y\u00fcksek bas\u0131n\u00e7lar i\u00e7in esnek ve hibrit hortumlar da ba\u011flama kapasitesine sahiptir.<\/p>\n<p>[\/vc_column_text][vc_empty_space height=&#8221;50px&#8221;][\/vc_column][\/vc_row][vc_row css_animation=&#8221;&#8221; row_type=&#8221;row&#8221; use_row_as_full_screen_section=&#8221;no&#8221; type=&#8221;grid&#8221; angled_section=&#8221;no&#8221; text_align=&#8221;left&#8221; background_image_as_pattern=&#8221;without_pattern&#8221; z_index=&#8221;&#8221;][vc_column][vc_empty_space height=&#8221;50px&#8221;][vc_gallery type=&#8221;image_grid&#8221; images=&#8221;112,116,110,118&#8243; img_size=&#8221;full&#8221; column_number=&#8221;4&#8243; grayscale=&#8221;no&#8221; images_space=&#8221;gallery_with_space&#8221;][vc_empty_space height=&#8221;50px&#8221;][\/vc_column][\/vc_row][vc_row css_animation=&#8221;&#8221; row_type=&#8221;row&#8221; use_row_as_full_screen_section=&#8221;yes&#8221; type=&#8221;grid&#8221; angled_section=&#8221;no&#8221; text_align=&#8221;left&#8221; background_image_as_pattern=&#8221;without_pattern&#8221; css=&#8221;.vc_custom_1717709836671{padding-top: 20px !important;padding-bottom: 50px !important;background-image: url(https:\/\/saghidrolik.saggroup.com\/wp-content\/uploads\/sites\/7\/2024\/06\/TUBI-ASPIRAZIONE-ARIA.jpg?id=290) !important;}&#8221; z_index=&#8221;&#8221;][vc_column el_class=&#8221;soluzioni_row&#8221;][vc_empty_space height=&#8221;50px&#8221;][vc_column_text]<\/p>\n<h3 style=\"font-size: 34px; color: #fff; text-transform: capitalize;\">HAVA G\u0130R\u0130\u015e\u0130 \u0130\u00c7\u0130N BORULAR<\/h3>\n<p style=\"font-size: 26px; line-height: 36px; color: #fff;\">\u015eirket, hava giri\u015fi, su, ya\u011f ve so\u011futma sistemleri i\u00e7in farkl\u0131 malzemelerden ve y\u00fczey i\u015fleme t\u00fcrlerinden borular \u00fcretmekte ve u\u00e7lar\u0131 talep edilen her t\u00fcr profil i\u00e7in deforme edebilmektedir.<\/p>\n<p>[\/vc_column_text][vc_empty_space height=&#8221;50px&#8221;][\/vc_column][\/vc_row][vc_row css_animation=&#8221;&#8221; row_type=&#8221;row&#8221; use_row_as_full_screen_section=&#8221;no&#8221; type=&#8221;grid&#8221; angled_section=&#8221;no&#8221; text_align=&#8221;left&#8221; background_image_as_pattern=&#8221;without_pattern&#8221; z_index=&#8221;&#8221;][vc_column][vc_empty_space height=&#8221;50px&#8221;][vc_gallery type=&#8221;image_grid&#8221; images=&#8221;130,138,142,520&#8243; img_size=&#8221;full&#8221; column_number=&#8221;4&#8243; grayscale=&#8221;no&#8221; images_space=&#8221;gallery_with_space&#8221;][vc_empty_space height=&#8221;50px&#8221;][\/vc_column][\/vc_row][vc_row css_animation=&#8221;&#8221; row_type=&#8221;row&#8221; use_row_as_full_screen_section=&#8221;yes&#8221; type=&#8221;grid&#8221; angled_section=&#8221;no&#8221; text_align=&#8221;left&#8221; background_image_as_pattern=&#8221;without_pattern&#8221; css=&#8221;.vc_custom_1717710150779{padding-top: 20px !important;padding-bottom: 50px !important;background-image: url(https:\/\/saghidrolik.saggroup.com\/wp-content\/uploads\/sites\/7\/2024\/06\/08-TUBI-STRUTTURALI-PER-CARROZZERIE-E-TELAI.jpg?id=298) !important;}&#8221; z_index=&#8221;&#8221;][vc_column el_class=&#8221;soluzioni_row&#8221;][vc_empty_space height=&#8221;50px&#8221;][vc_column_text]<\/p>\n<h3 style=\"font-size: 34px; color: #fff; text-transform: capitalize;\">G\u00d6VDE VE \u015eAS\u0130 \u0130\u00c7\u0130N YAPISAL BORULAR<\/h3>\n<p style=\"font-size: 26px; line-height: 36px; color: #fff;\">Sag Hidrolik, \u00e7er\u00e7evelere ve kulp, koruma ve roll bar gibi g\u00f6vde par\u00e7alar\u0131na uygulanan her t\u00fcrl\u00fc profile \u015fekil verebilmektedir.<\/p>\n<p>[\/vc_column_text][vc_empty_space height=&#8221;50px&#8221;][\/vc_column][\/vc_row][vc_row css_animation=&#8221;&#8221; row_type=&#8221;row&#8221; use_row_as_full_screen_section=&#8221;no&#8221; type=&#8221;grid&#8221; angled_section=&#8221;no&#8221; text_align=&#8221;left&#8221; background_image_as_pattern=&#8221;without_pattern&#8221; z_index=&#8221;&#8221;][vc_column][vc_empty_space height=&#8221;50px&#8221;][vc_gallery type=&#8221;image_grid&#8221; images=&#8221;175,179,167,181&#8243; img_size=&#8221;full&#8221; column_number=&#8221;4&#8243; grayscale=&#8221;no&#8221; images_space=&#8221;gallery_with_space&#8221;][vc_empty_space height=&#8221;50px&#8221;][\/vc_column][\/vc_row][vc_row css_animation=&#8221;&#8221; row_type=&#8221;row&#8221; use_row_as_full_screen_section=&#8221;yes&#8221; type=&#8221;grid&#8221; angled_section=&#8221;no&#8221; text_align=&#8221;left&#8221; background_image_as_pattern=&#8221;without_pattern&#8221; css=&#8221;.vc_custom_1717710368698{padding-top: 20px !important;padding-bottom: 50px !important;background-image: url(https:\/\/saghidrolik.saggroup.com\/wp-content\/uploads\/sites\/7\/2024\/06\/10-TUBI-MOTORI-ENDOTERMICI.jpg?id=303) !important;}&#8221; z_index=&#8221;&#8221;][vc_column el_class=&#8221;soluzioni_row&#8221;][vc_empty_space height=&#8221;50px&#8221;][vc_column_text]<\/p>\n<h3 style=\"font-size: 34px; color: #fff; text-transform: capitalize;\">ENDOTERMIK MOTORLAR I\u00c7IN BORULAR<\/h3>\n<p style=\"font-size: 26px; line-height: 36px; color: #fff;\">\u015eirket, hava, su, ya\u011f ve so\u011futma sistemlerinin emilmesi i\u00e7in \u00e7e\u015fitli malzemelerden ve farkl\u0131 y\u00fczey i\u015flemlerine sahip borular \u00fcretmekte, bunlar\u0131 u\u00e7lar\u0131ndan deforme ederek endotermik ve hibrit motorlarda ya\u011flama, emme, besleme ve bo\u015faltma i\u00e7in gerekli herhangi bir profile d\u00f6n\u00fc\u015ft\u00fcrmektedir.<\/p>\n<p>[\/vc_column_text][vc_empty_space height=&#8221;50px&#8221;][\/vc_column][\/vc_row][vc_row css_animation=&#8221;&#8221; row_type=&#8221;row&#8221; use_row_as_full_screen_section=&#8221;no&#8221; type=&#8221;grid&#8221; angled_section=&#8221;no&#8221; text_align=&#8221;left&#8221; background_image_as_pattern=&#8221;without_pattern&#8221; z_index=&#8221;&#8221;][vc_column][vc_empty_space height=&#8221;50px&#8221;][vc_gallery type=&#8221;image_grid&#8221; images=&#8221;213,205,211,215&#8243; img_size=&#8221;full&#8221; column_number=&#8221;4&#8243; grayscale=&#8221;no&#8221; images_space=&#8221;gallery_with_space&#8221;][vc_empty_space height=&#8221;50px&#8221;][\/vc_column][\/vc_row][vc_row css_animation=&#8221;&#8221; row_type=&#8221;row&#8221; use_row_as_full_screen_section=&#8221;yes&#8221; type=&#8221;grid&#8221; angled_section=&#8221;no&#8221; text_align=&#8221;left&#8221; background_image_as_pattern=&#8221;without_pattern&#8221; css=&#8221;.vc_custom_1717710912632{padding-top: 20px !important;padding-bottom: 50px !important;background-image: url(https:\/\/saghidrolik.saggroup.com\/wp-content\/uploads\/sites\/7\/2024\/06\/15-TUBI-OLIO-VEICOLO.jpg?id=315) !important;}&#8221; z_index=&#8221;&#8221;][vc_column el_class=&#8221;soluzioni_row&#8221;][vc_empty_space height=&#8221;50px&#8221;][vc_column_text]<\/p>\n<h3 style=\"font-size: 34px; color: #fff; text-transform: capitalize;\">ARA\u00c7 \u0130\u00c7\u0130N MADEN\u0130 YA\u011e BORULARI<\/h3>\n<p style=\"font-size: 26px; line-height: 36px; color: #fff;\">SAG Hidrolik, ya\u011f sistemleri i\u00e7in farkl\u0131 malzemelerden ve i\u015flem t\u00fcrlerinden borular \u00fcretir, u\u00e7lar\u0131 gerekli her t\u00fcrl\u00fc profil ve i\u015flemle deforme eder.<\/p>\n<p>[\/vc_column_text][vc_empty_space height=&#8221;50px&#8221;][\/vc_column][\/vc_row][vc_row css_animation=&#8221;&#8221; row_type=&#8221;row&#8221; use_row_as_full_screen_section=&#8221;no&#8221; type=&#8221;grid&#8221; angled_section=&#8221;no&#8221; text_align=&#8221;left&#8221; background_image_as_pattern=&#8221;without_pattern&#8221; z_index=&#8221;&#8221;][vc_column][vc_empty_space height=&#8221;50px&#8221;][vc_gallery type=&#8221;image_grid&#8221; images=&#8221;319,321,323,317&#8243; img_size=&#8221;full&#8221; column_number=&#8221;4&#8243; grayscale=&#8221;no&#8221; images_space=&#8221;gallery_with_space&#8221;][vc_empty_space height=&#8221;50px&#8221;][\/vc_column][\/vc_row]<\/p>\n<\/div>","protected":false},"excerpt":{"rendered":"<p>[vc_row css_animation=&#8221;&#8221; row_type=&#8221;row&#8221; use_row_as_full_screen_section=&#8221;no&#8221; type=&#8221;grid&#8221; angled_section=&#8221;no&#8221; text_align=&#8221;left&#8221; background_image_as_pattern=&#8221;without_pattern&#8221; z_index=&#8221;&#8221;][vc_column][vc_empty_space height=&#8221;50px&#8221;][vc_column_text] SAG Hi\u0307droli\u0307k T\u00fcrki\u0307ye, 4 mm&#8217;den 70 mm&#8217;ye kadar borular\u0131 \u015fekillendirme ve i\u015fleme kapasitesine sahiptir. [\/vc_column_text][vc_empty_space height=&#8221;50px&#8221;][\/vc_column][\/vc_row][vc_row css_animation=&#8221;&#8221; row_type=&#8221;row&#8221; use_row_as_full_screen_section=&#8221;yes&#8221; type=&#8221;grid&#8221; angled_section=&#8221;no&#8221; text_align=&#8221;left&#8221; background_image_as_pattern=&#8221;without_pattern&#8221; css=&#8221;.vc_custom_1717709571471{padding-top: 20px !important;padding-bottom: 50px !important;background-image: url(https:\/\/saghidrolik.saggroup.com\/wp-content\/uploads\/sites\/7\/2024\/06\/01TUBI-RIGIDI-PER-IMPIANTI-IDRAULICI.jpg?id=283) !important;}&#8221; z_index=&#8221;&#8221;][vc_column el_class=&#8221;soluzioni_row&#8221;][vc_empty_space height=&#8221;50px&#8221;][vc_column_text] HI\u0307DROLI\u0307K SI\u0307STEMLER&#8230;<\/p>\n","protected":false},"author":4,"featured_media":0,"parent":0,"menu_order":0,"comment_status":"closed","ping_status":"closed","template":"full_width.php","meta":{"inline_featured_image":false,"footnotes":""},"class_list":["post-697","page","type-page","status-publish","hentry"],"yoast_head":"<!-- This site is optimized with the Yoast SEO plugin v23.6 - https:\/\/yoast.com\/wordpress\/plugins\/seo\/ -->\n<title>Sag Hidrolik Turkey tube manipulation<\/title>\n<meta name=\"description\" content=\"Located logistically convenient to automotive hubs in Turkey and aiming for further overseas customers, SAG H\u0130DROL\u0130K TURKEY produces a wide range of rigid and flexible pipes in agricultural machinery, engine, industrial vehicles, earth-moving machinery segments. Our in-house capabilities and the variety of the business segments have been increasing on a steady and up-moving basis, as SAG H\u0130DROL\u0130K TURKEY continues to invest in machinery, technology, human resources, research and development.\" \/>\n<meta name=\"robots\" content=\"index, follow, max-snippet:-1, max-image-preview:large, max-video-preview:-1\" \/>\n<link rel=\"canonical\" href=\"https:\/\/saghidrolik.saggroup.com\/tr\/urunler\/\" \/>\n<meta property=\"og:locale\" content=\"tr_TR\" \/>\n<meta property=\"og:type\" content=\"article\" \/>\n<meta property=\"og:title\" content=\"Sag Hidrolik Turkey tube manipulation\" \/>\n<meta property=\"og:description\" content=\"Located logistically convenient to automotive hubs in Turkey and aiming for further overseas customers, SAG H\u0130DROL\u0130K TURKEY produces a wide range of rigid and flexible pipes in agricultural machinery, engine, industrial vehicles, earth-moving machinery segments. Our in-house capabilities and the variety of the business segments have been increasing on a steady and up-moving basis, as SAG H\u0130DROL\u0130K TURKEY continues to invest in machinery, technology, human resources, research and development.\" \/>\n<meta property=\"og:url\" content=\"https:\/\/saghidrolik.saggroup.com\/tr\/urunler\/\" \/>\n<meta property=\"og:site_name\" content=\"Sag Hidrolik\" \/>\n<meta property=\"article:modified_time\" content=\"2024-10-31T14:22:07+00:00\" \/>\n<meta name=\"twitter:card\" content=\"summary_large_image\" \/>\n<meta name=\"twitter:label1\" content=\"Tahmini okuma s\u00fcresi\" \/>\n\t<meta name=\"twitter:data1\" content=\"3 dakika\" \/>\n<script type=\"application\/ld+json\" class=\"yoast-schema-graph\">{\"@context\":\"https:\/\/schema.org\",\"@graph\":[{\"@type\":\"WebPage\",\"@id\":\"https:\/\/saghidrolik.saggroup.com\/tr\/urunler\/\",\"url\":\"https:\/\/saghidrolik.saggroup.com\/tr\/urunler\/\",\"name\":\"Sag Hidrolik Turkey tube manipulation\",\"isPartOf\":{\"@id\":\"https:\/\/saghidrolik.saggroup.com\/#website\"},\"datePublished\":\"2024-05-06T10:06:29+00:00\",\"dateModified\":\"2024-10-31T14:22:07+00:00\",\"description\":\"Located logistically convenient to automotive hubs in Turkey and aiming for further overseas customers, SAG H\u0130DROL\u0130K TURKEY produces a wide range of rigid and flexible pipes in agricultural machinery, engine, industrial vehicles, earth-moving machinery segments. Our in-house capabilities and the variety of the business segments have been increasing on a steady and up-moving basis, as SAG H\u0130DROL\u0130K TURKEY continues to invest in machinery, technology, human resources, research and development.\",\"breadcrumb\":{\"@id\":\"https:\/\/saghidrolik.saggroup.com\/tr\/urunler\/#breadcrumb\"},\"inLanguage\":\"tr\",\"potentialAction\":[{\"@type\":\"ReadAction\",\"target\":[\"https:\/\/saghidrolik.saggroup.com\/tr\/urunler\/\"]}]},{\"@type\":\"BreadcrumbList\",\"@id\":\"https:\/\/saghidrolik.saggroup.com\/tr\/urunler\/#breadcrumb\",\"itemListElement\":[{\"@type\":\"ListItem\",\"position\":1,\"name\":\"Home\",\"item\":\"https:\/\/saghidrolik.saggroup.com\/tr\/\"},{\"@type\":\"ListItem\",\"position\":2,\"name\":\"\u00dcR\u00dcNLER\"}]},{\"@type\":\"WebSite\",\"@id\":\"https:\/\/saghidrolik.saggroup.com\/#website\",\"url\":\"https:\/\/saghidrolik.saggroup.com\/\",\"name\":\"Sag Hidrolik\",\"description\":\"\",\"potentialAction\":[{\"@type\":\"SearchAction\",\"target\":{\"@type\":\"EntryPoint\",\"urlTemplate\":\"https:\/\/saghidrolik.saggroup.com\/?s={search_term_string}\"},\"query-input\":{\"@type\":\"PropertyValueSpecification\",\"valueRequired\":true,\"valueName\":\"search_term_string\"}}],\"inLanguage\":\"tr\"}]}<\/script>\n<!-- \/ Yoast SEO plugin. -->","yoast_head_json":{"title":"Sag Hidrolik Turkey tube manipulation","description":"Located logistically convenient to automotive hubs in Turkey and aiming for further overseas customers, SAG H\u0130DROL\u0130K TURKEY produces a wide range of rigid and flexible pipes in agricultural machinery, engine, industrial vehicles, earth-moving machinery segments. Our in-house capabilities and the variety of the business segments have been increasing on a steady and up-moving basis, as SAG H\u0130DROL\u0130K TURKEY continues to invest in machinery, technology, human resources, research and development.","robots":{"index":"index","follow":"follow","max-snippet":"max-snippet:-1","max-image-preview":"max-image-preview:large","max-video-preview":"max-video-preview:-1"},"canonical":"https:\/\/saghidrolik.saggroup.com\/tr\/urunler\/","og_locale":"tr_TR","og_type":"article","og_title":"Sag Hidrolik Turkey tube manipulation","og_description":"Located logistically convenient to automotive hubs in Turkey and aiming for further overseas customers, SAG H\u0130DROL\u0130K TURKEY produces a wide range of rigid and flexible pipes in agricultural machinery, engine, industrial vehicles, earth-moving machinery segments. Our in-house capabilities and the variety of the business segments have been increasing on a steady and up-moving basis, as SAG H\u0130DROL\u0130K TURKEY continues to invest in machinery, technology, human resources, research and development.","og_url":"https:\/\/saghidrolik.saggroup.com\/tr\/urunler\/","og_site_name":"Sag Hidrolik","article_modified_time":"2024-10-31T14:22:07+00:00","twitter_card":"summary_large_image","twitter_misc":{"Tahmini okuma s\u00fcresi":"3 dakika"},"schema":{"@context":"https:\/\/schema.org","@graph":[{"@type":"WebPage","@id":"https:\/\/saghidrolik.saggroup.com\/tr\/urunler\/","url":"https:\/\/saghidrolik.saggroup.com\/tr\/urunler\/","name":"Sag Hidrolik Turkey tube manipulation","isPartOf":{"@id":"https:\/\/saghidrolik.saggroup.com\/#website"},"datePublished":"2024-05-06T10:06:29+00:00","dateModified":"2024-10-31T14:22:07+00:00","description":"Located logistically convenient to automotive hubs in Turkey and aiming for further overseas customers, SAG H\u0130DROL\u0130K TURKEY produces a wide range of rigid and flexible pipes in agricultural machinery, engine, industrial vehicles, earth-moving machinery segments. Our in-house capabilities and the variety of the business segments have been increasing on a steady and up-moving basis, as SAG H\u0130DROL\u0130K TURKEY continues to invest in machinery, technology, human resources, research and development.","breadcrumb":{"@id":"https:\/\/saghidrolik.saggroup.com\/tr\/urunler\/#breadcrumb"},"inLanguage":"tr","potentialAction":[{"@type":"ReadAction","target":["https:\/\/saghidrolik.saggroup.com\/tr\/urunler\/"]}]},{"@type":"BreadcrumbList","@id":"https:\/\/saghidrolik.saggroup.com\/tr\/urunler\/#breadcrumb","itemListElement":[{"@type":"ListItem","position":1,"name":"Home","item":"https:\/\/saghidrolik.saggroup.com\/tr\/"},{"@type":"ListItem","position":2,"name":"\u00dcR\u00dcNLER"}]},{"@type":"WebSite","@id":"https:\/\/saghidrolik.saggroup.com\/#website","url":"https:\/\/saghidrolik.saggroup.com\/","name":"Sag Hidrolik","description":"","potentialAction":[{"@type":"SearchAction","target":{"@type":"EntryPoint","urlTemplate":"https:\/\/saghidrolik.saggroup.com\/?s={search_term_string}"},"query-input":{"@type":"PropertyValueSpecification","valueRequired":true,"valueName":"search_term_string"}}],"inLanguage":"tr"}]}},"rttpg_featured_image_url":null,"rttpg_author":{"display_name":"antonio","author_link":"https:\/\/saghidrolik.saggroup.com\/tr\/author\/antonio\/"},"rttpg_comment":0,"rttpg_category":" <a href=\"https:\/\/saghidrolik.saggroup.com\/tr\/?taxonomy=translation_priority&#038;term=opzionale-tr\" rel=\"tag\">Opzionale<\/a>","rttpg_excerpt":"[vc_row css_animation=&#8221;&#8221; row_type=&#8221;row&#8221; use_row_as_full_screen_section=&#8221;no&#8221; type=&#8221;grid&#8221; angled_section=&#8221;no&#8221; text_align=&#8221;left&#8221; background_image_as_pattern=&#8221;without_pattern&#8221; z_index=&#8221;&#8221;][vc_column][vc_empty_space height=&#8221;50px&#8221;][vc_column_text] SAG Hi\u0307droli\u0307k T\u00fcrki\u0307ye, 4 mm&#8217;den 70 mm&#8217;ye kadar borular\u0131 \u015fekillendirme ve i\u015fleme kapasitesine sahiptir. [\/vc_column_text][vc_empty_space height=&#8221;50px&#8221;][\/vc_column][\/vc_row][vc_row css_animation=&#8221;&#8221; row_type=&#8221;row&#8221; use_row_as_full_screen_section=&#8221;yes&#8221; type=&#8221;grid&#8221; angled_section=&#8221;no&#8221; text_align=&#8221;left&#8221; background_image_as_pattern=&#8221;without_pattern&#8221; css=&#8221;.vc_custom_1717709571471{padding-top: 20px !important;padding-bottom: 50px !important;background-image: url(https:\/\/saghidrolik.saggroup.com\/wp-content\/uploads\/sites\/7\/2024\/06\/01TUBI-RIGIDI-PER-IMPIANTI-IDRAULICI.jpg?id=283) !important;}&#8221; z_index=&#8221;&#8221;][vc_column el_class=&#8221;soluzioni_row&#8221;][vc_empty_space height=&#8221;50px&#8221;][vc_column_text] HI\u0307DROLI\u0307K SI\u0307STEMLER...","_links":{"self":[{"href":"https:\/\/saghidrolik.saggroup.com\/tr\/wp-json\/wp\/v2\/pages\/697"}],"collection":[{"href":"https:\/\/saghidrolik.saggroup.com\/tr\/wp-json\/wp\/v2\/pages"}],"about":[{"href":"https:\/\/saghidrolik.saggroup.com\/tr\/wp-json\/wp\/v2\/types\/page"}],"author":[{"embeddable":true,"href":"https:\/\/saghidrolik.saggroup.com\/tr\/wp-json\/wp\/v2\/users\/4"}],"replies":[{"embeddable":true,"href":"https:\/\/saghidrolik.saggroup.com\/tr\/wp-json\/wp\/v2\/comments?post=697"}],"version-history":[{"count":4,"href":"https:\/\/saghidrolik.saggroup.com\/tr\/wp-json\/wp\/v2\/pages\/697\/revisions"}],"predecessor-version":[{"id":802,"href":"https:\/\/saghidrolik.saggroup.com\/tr\/wp-json\/wp\/v2\/pages\/697\/revisions\/802"}],"wp:attachment":[{"href":"https:\/\/saghidrolik.saggroup.com\/tr\/wp-json\/wp\/v2\/media?parent=697"}],"curies":[{"name":"wp","href":"https:\/\/api.w.org\/{rel}","templated":true}]}}