{"id":694,"date":"2024-08-30T15:46:21","date_gmt":"2024-08-30T13:46:21","guid":{"rendered":"https:\/\/saghidrolik.saggroup.com\/yonetim-ve-uyum\/"},"modified":"2025-10-03T16:02:03","modified_gmt":"2025-10-03T14:02:03","slug":"yonetim-ve-uyum","status":"publish","type":"page","link":"https:\/\/saghidrolik.saggroup.com\/tr\/yonetim-ve-uyum\/","title":{"rendered":"Y\u00d6NETI\u0307M VE UYUMLULUK"},"content":{"rendered":"<div class=\"wpb-content-wrapper\"><p>[vc_row css_animation=&#8221;&#8221; row_type=&#8221;row&#8221; use_row_as_full_screen_section=&#8221;no&#8221; type=&#8221;full_width&#8221; angled_section=&#8221;no&#8221; text_align=&#8221;left&#8221; background_image_as_pattern=&#8221;without_pattern&#8221;][vc_column][vc_empty_space][vc_empty_space][vc_column_text]<\/p>\n<ul>\n<li style=\"list-style-type: none\">\n<ul>\n<li><a href=\"https:\/\/www.saggroup.com\/wp-content\/uploads\/2024\/09\/Etik-Kurallari-Danisma-ve-Bilgilendirme.pdf\">ET\u0130K KURALLARI DANI\u015eMA VE B\u0130LG\u0130LEND\u0130RME<\/a><\/li>\n<li><a href=\"https:\/\/www.saggroup.com\/wp-content\/uploads\/2024\/09\/32.INTERNET-ILETISIM-FORMU-AYDINLATMA-METNI.pdf\">\u0130NTERNET \u0130LET\u0130\u015e\u0130M FORMU AYDINLATMA METN\u0130<\/a><\/li>\n<li><a href=\"https:\/\/www.saggroup.com\/wp-content\/uploads\/2024\/08\/Code-of-Conduct-Sag-Hidrolik.pdf\">DAVRANI\u015e KURALLARI<\/a><\/li>\n<li><a href=\"https:\/\/www.saggroup.com\/wp-content\/uploads\/2024\/09\/PERSONAL-DATA-PROCESSING-STORAGE-AND-DISPOSAL-POLICY-1.pdf\">KI\u0307\u015eI\u0307SEL VERI\u0307 POLI\u0307TI\u0307KASI<\/a><\/li>\n<li><a href=\"https:\/\/www.saggroup.com\/wp-content\/uploads\/2024\/09\/PERSONAL-DATA-PROTECTION-LAW-APPLICATION-FORM.pdf\">KI\u0307\u015eI\u0307SEL VERI\u0307LERI\u0307N KORUNMASI KANUNU BA\u015eVURU FORMU<\/a><\/li>\n<li><a href=\"https:\/\/www.saggroup.com\/wp-content\/uploads\/2024\/09\/General-Information-text.pdf\">GENEL BI\u0307LGI\u0307LER<\/a><\/li>\n<li><a href=\"https:\/\/www.saggroup.com\/wp-content\/uploads\/2025\/10\/Sag-Hidrolik-quality-policy.pdf\" target=\"_blank\" rel=\"noopener\">KALITE POLI\u0307TI\u0307KASI<\/a><\/li>\n<\/ul>\n<\/li>\n<\/ul>\n<p>[\/vc_column_text][vc_empty_space][\/vc_column][\/vc_row]<\/p>\n<\/div>","protected":false},"excerpt":{"rendered":"<p>[vc_row css_animation=&#8221;&#8221; row_type=&#8221;row&#8221; use_row_as_full_screen_section=&#8221;no&#8221; type=&#8221;full_width&#8221; angled_section=&#8221;no&#8221; text_align=&#8221;left&#8221; background_image_as_pattern=&#8221;without_pattern&#8221;][vc_column][vc_empty_space][vc_empty_space][vc_column_text] ET\u0130K KURALLARI DANI\u015eMA VE B\u0130LG\u0130LEND\u0130RME \u0130NTERNET \u0130LET\u0130\u015e\u0130M FORMU AYDINLATMA METN\u0130 DAVRANI\u015e KURALLARI KI\u0307\u015eI\u0307SEL VERI\u0307 POLI\u0307TI\u0307KASI KI\u0307\u015eI\u0307SEL VERI\u0307LERI\u0307N KORUNMASI KANUNU BA\u015eVURU FORMU GENEL BI\u0307LGI\u0307LER KALITE POLI\u0307TI\u0307KASI [\/vc_column_text][vc_empty_space][\/vc_column][\/vc_row]<\/p>\n","protected":false},"author":4,"featured_media":0,"parent":0,"menu_order":0,"comment_status":"closed","ping_status":"closed","template":"","meta":{"inline_featured_image":false,"footnotes":""},"class_list":["post-694","page","type-page","status-publish","hentry"],"yoast_head":"<!-- This site is optimized with the Yoast SEO plugin v23.6 - https:\/\/yoast.com\/wordpress\/plugins\/seo\/ -->\n<title>Sag Hidrolik Turkey tube manipulation<\/title>\n<meta name=\"description\" content=\"Located logistically convenient to automotive hubs in Turkey and aiming for further overseas customers, SAG H\u0130DROL\u0130K TURKEY produces a wide range of rigid and flexible pipes in agricultural machinery, engine, industrial vehicles, earth-moving machinery segments. Our in-house capabilities and the variety of the business segments have been increasing on a steady and up-moving basis, as SAG H\u0130DROL\u0130K TURKEY continues to invest in machinery, technology, human resources, research and development.\" \/>\n<meta name=\"robots\" content=\"index, follow, max-snippet:-1, max-image-preview:large, max-video-preview:-1\" \/>\n<link rel=\"canonical\" href=\"https:\/\/saghidrolik.saggroup.com\/tr\/yonetim-ve-uyum\/\" \/>\n<meta property=\"og:locale\" content=\"tr_TR\" \/>\n<meta property=\"og:type\" content=\"article\" \/>\n<meta property=\"og:title\" content=\"Sag Hidrolik Turkey tube manipulation\" \/>\n<meta property=\"og:description\" content=\"Located logistically convenient to automotive hubs in Turkey and aiming for further overseas customers, SAG H\u0130DROL\u0130K TURKEY produces a wide range of rigid and flexible pipes in agricultural machinery, engine, industrial vehicles, earth-moving machinery segments. Our in-house capabilities and the variety of the business segments have been increasing on a steady and up-moving basis, as SAG H\u0130DROL\u0130K TURKEY continues to invest in machinery, technology, human resources, research and development.\" \/>\n<meta property=\"og:url\" content=\"https:\/\/saghidrolik.saggroup.com\/tr\/yonetim-ve-uyum\/\" \/>\n<meta property=\"og:site_name\" content=\"Sag Hidrolik\" \/>\n<meta property=\"article:modified_time\" content=\"2025-10-03T14:02:03+00:00\" \/>\n<meta name=\"twitter:card\" content=\"summary_large_image\" \/>\n<meta name=\"twitter:label1\" content=\"Tahmini okuma s\u00fcresi\" \/>\n\t<meta name=\"twitter:data1\" content=\"1 dakika\" \/>\n<script type=\"application\/ld+json\" class=\"yoast-schema-graph\">{\"@context\":\"https:\/\/schema.org\",\"@graph\":[{\"@type\":\"WebPage\",\"@id\":\"https:\/\/saghidrolik.saggroup.com\/tr\/yonetim-ve-uyum\/\",\"url\":\"https:\/\/saghidrolik.saggroup.com\/tr\/yonetim-ve-uyum\/\",\"name\":\"Sag Hidrolik Turkey tube manipulation\",\"isPartOf\":{\"@id\":\"https:\/\/saghidrolik.saggroup.com\/#website\"},\"datePublished\":\"2024-08-30T13:46:21+00:00\",\"dateModified\":\"2025-10-03T14:02:03+00:00\",\"description\":\"Located logistically convenient to automotive hubs in Turkey and aiming for further overseas customers, SAG H\u0130DROL\u0130K TURKEY produces a wide range of rigid and flexible pipes in agricultural machinery, engine, industrial vehicles, earth-moving machinery segments. Our in-house capabilities and the variety of the business segments have been increasing on a steady and up-moving basis, as SAG H\u0130DROL\u0130K TURKEY continues to invest in machinery, technology, human resources, research and development.\",\"breadcrumb\":{\"@id\":\"https:\/\/saghidrolik.saggroup.com\/tr\/yonetim-ve-uyum\/#breadcrumb\"},\"inLanguage\":\"tr\",\"potentialAction\":[{\"@type\":\"ReadAction\",\"target\":[\"https:\/\/saghidrolik.saggroup.com\/tr\/yonetim-ve-uyum\/\"]}]},{\"@type\":\"BreadcrumbList\",\"@id\":\"https:\/\/saghidrolik.saggroup.com\/tr\/yonetim-ve-uyum\/#breadcrumb\",\"itemListElement\":[{\"@type\":\"ListItem\",\"position\":1,\"name\":\"Home\",\"item\":\"https:\/\/saghidrolik.saggroup.com\/tr\/\"},{\"@type\":\"ListItem\",\"position\":2,\"name\":\"Y\u00d6NETI\u0307M VE UYUMLULUK\"}]},{\"@type\":\"WebSite\",\"@id\":\"https:\/\/saghidrolik.saggroup.com\/#website\",\"url\":\"https:\/\/saghidrolik.saggroup.com\/\",\"name\":\"Sag Hidrolik\",\"description\":\"\",\"potentialAction\":[{\"@type\":\"SearchAction\",\"target\":{\"@type\":\"EntryPoint\",\"urlTemplate\":\"https:\/\/saghidrolik.saggroup.com\/?s={search_term_string}\"},\"query-input\":{\"@type\":\"PropertyValueSpecification\",\"valueRequired\":true,\"valueName\":\"search_term_string\"}}],\"inLanguage\":\"tr\"}]}<\/script>\n<!-- \/ Yoast SEO plugin. -->","yoast_head_json":{"title":"Sag Hidrolik Turkey tube manipulation","description":"Located logistically convenient to automotive hubs in Turkey and aiming for further overseas customers, SAG H\u0130DROL\u0130K TURKEY produces a wide range of rigid and flexible pipes in agricultural machinery, engine, industrial vehicles, earth-moving machinery segments. Our in-house capabilities and the variety of the business segments have been increasing on a steady and up-moving basis, as SAG H\u0130DROL\u0130K TURKEY continues to invest in machinery, technology, human resources, research and development.","robots":{"index":"index","follow":"follow","max-snippet":"max-snippet:-1","max-image-preview":"max-image-preview:large","max-video-preview":"max-video-preview:-1"},"canonical":"https:\/\/saghidrolik.saggroup.com\/tr\/yonetim-ve-uyum\/","og_locale":"tr_TR","og_type":"article","og_title":"Sag Hidrolik Turkey tube manipulation","og_description":"Located logistically convenient to automotive hubs in Turkey and aiming for further overseas customers, SAG H\u0130DROL\u0130K TURKEY produces a wide range of rigid and flexible pipes in agricultural machinery, engine, industrial vehicles, earth-moving machinery segments. Our in-house capabilities and the variety of the business segments have been increasing on a steady and up-moving basis, as SAG H\u0130DROL\u0130K TURKEY continues to invest in machinery, technology, human resources, research and development.","og_url":"https:\/\/saghidrolik.saggroup.com\/tr\/yonetim-ve-uyum\/","og_site_name":"Sag Hidrolik","article_modified_time":"2025-10-03T14:02:03+00:00","twitter_card":"summary_large_image","twitter_misc":{"Tahmini okuma s\u00fcresi":"1 dakika"},"schema":{"@context":"https:\/\/schema.org","@graph":[{"@type":"WebPage","@id":"https:\/\/saghidrolik.saggroup.com\/tr\/yonetim-ve-uyum\/","url":"https:\/\/saghidrolik.saggroup.com\/tr\/yonetim-ve-uyum\/","name":"Sag Hidrolik Turkey tube manipulation","isPartOf":{"@id":"https:\/\/saghidrolik.saggroup.com\/#website"},"datePublished":"2024-08-30T13:46:21+00:00","dateModified":"2025-10-03T14:02:03+00:00","description":"Located logistically convenient to automotive hubs in Turkey and aiming for further overseas customers, SAG H\u0130DROL\u0130K TURKEY produces a wide range of rigid and flexible pipes in agricultural machinery, engine, industrial vehicles, earth-moving machinery segments. Our in-house capabilities and the variety of the business segments have been increasing on a steady and up-moving basis, as SAG H\u0130DROL\u0130K TURKEY continues to invest in machinery, technology, human resources, research and development.","breadcrumb":{"@id":"https:\/\/saghidrolik.saggroup.com\/tr\/yonetim-ve-uyum\/#breadcrumb"},"inLanguage":"tr","potentialAction":[{"@type":"ReadAction","target":["https:\/\/saghidrolik.saggroup.com\/tr\/yonetim-ve-uyum\/"]}]},{"@type":"BreadcrumbList","@id":"https:\/\/saghidrolik.saggroup.com\/tr\/yonetim-ve-uyum\/#breadcrumb","itemListElement":[{"@type":"ListItem","position":1,"name":"Home","item":"https:\/\/saghidrolik.saggroup.com\/tr\/"},{"@type":"ListItem","position":2,"name":"Y\u00d6NETI\u0307M VE UYUMLULUK"}]},{"@type":"WebSite","@id":"https:\/\/saghidrolik.saggroup.com\/#website","url":"https:\/\/saghidrolik.saggroup.com\/","name":"Sag Hidrolik","description":"","potentialAction":[{"@type":"SearchAction","target":{"@type":"EntryPoint","urlTemplate":"https:\/\/saghidrolik.saggroup.com\/?s={search_term_string}"},"query-input":{"@type":"PropertyValueSpecification","valueRequired":true,"valueName":"search_term_string"}}],"inLanguage":"tr"}]}},"rttpg_featured_image_url":null,"rttpg_author":{"display_name":"antonio","author_link":"https:\/\/saghidrolik.saggroup.com\/tr\/author\/antonio\/"},"rttpg_comment":0,"rttpg_category":" <a href=\"https:\/\/saghidrolik.saggroup.com\/tr\/?taxonomy=translation_priority&#038;term=opzionale-tr\" rel=\"tag\">Opzionale<\/a>","rttpg_excerpt":"[vc_row css_animation=&#8221;&#8221; row_type=&#8221;row&#8221; use_row_as_full_screen_section=&#8221;no&#8221; type=&#8221;full_width&#8221; angled_section=&#8221;no&#8221; text_align=&#8221;left&#8221; background_image_as_pattern=&#8221;without_pattern&#8221;][vc_column][vc_empty_space][vc_empty_space][vc_column_text] ET\u0130K KURALLARI DANI\u015eMA VE B\u0130LG\u0130LEND\u0130RME \u0130NTERNET \u0130LET\u0130\u015e\u0130M FORMU AYDINLATMA METN\u0130 DAVRANI\u015e KURALLARI KI\u0307\u015eI\u0307SEL VERI\u0307 POLI\u0307TI\u0307KASI KI\u0307\u015eI\u0307SEL VERI\u0307LERI\u0307N KORUNMASI KANUNU BA\u015eVURU FORMU GENEL BI\u0307LGI\u0307LER KALITE POLI\u0307TI\u0307KASI [\/vc_column_text][vc_empty_space][\/vc_column][\/vc_row]","_links":{"self":[{"href":"https:\/\/saghidrolik.saggroup.com\/tr\/wp-json\/wp\/v2\/pages\/694"}],"collection":[{"href":"https:\/\/saghidrolik.saggroup.com\/tr\/wp-json\/wp\/v2\/pages"}],"about":[{"href":"https:\/\/saghidrolik.saggroup.com\/tr\/wp-json\/wp\/v2\/types\/page"}],"author":[{"embeddable":true,"href":"https:\/\/saghidrolik.saggroup.com\/tr\/wp-json\/wp\/v2\/users\/4"}],"replies":[{"embeddable":true,"href":"https:\/\/saghidrolik.saggroup.com\/tr\/wp-json\/wp\/v2\/comments?post=694"}],"version-history":[{"count":7,"href":"https:\/\/saghidrolik.saggroup.com\/tr\/wp-json\/wp\/v2\/pages\/694\/revisions"}],"predecessor-version":[{"id":819,"href":"https:\/\/saghidrolik.saggroup.com\/tr\/wp-json\/wp\/v2\/pages\/694\/revisions\/819"}],"wp:attachment":[{"href":"https:\/\/saghidrolik.saggroup.com\/tr\/wp-json\/wp\/v2\/media?parent=694"}],"curies":[{"name":"wp","href":"https:\/\/api.w.org\/{rel}","templated":true}]}}