{"id":692,"date":"2024-05-06T12:00:44","date_gmt":"2024-05-06T10:00:44","guid":{"rendered":"https:\/\/saghidrolik.saggroup.com\/bize-ulasin\/"},"modified":"2024-10-31T15:12:23","modified_gmt":"2024-10-31T14:12:23","slug":"bize-ulasin","status":"publish","type":"page","link":"https:\/\/saghidrolik.saggroup.com\/tr\/bize-ulasin\/","title":{"rendered":"\u0130leti\u015fim"},"content":{"rendered":"<div class=\"wpb-content-wrapper\"><p>[vc_row css_animation=&#8221;&#8221; row_type=&#8221;row&#8221; use_row_as_full_screen_section=&#8221;no&#8221; type=&#8221;full_width&#8221; angled_section=&#8221;no&#8221; text_align=&#8221;left&#8221; background_image_as_pattern=&#8221;without_pattern&#8221;][vc_column width=&#8221;1\/2&#8243;][vc_empty_space][vc_column_text]<\/p>\n<h3>SAG H\u0130DROL\u0130K Tic.San.Ltd.\u015eti.<\/h3>\n<p>Sakarya 2. Organize Sanayi B\u00f6lgesi, 3 Nolu Yol, No:20 &#8211; 54300 Kargal\u0131hanbaba, Hendek &#8211; SAKARYA T\u00dcRK\u0130YE Tel +90 264 290 6144 &#8211; Faks +90 264 290 6145<br \/>\ninfo@saghidrolik.com<br \/>\n<a href=\"https:\/\/maps.app.goo.gl\/4RRYKHmHQHEusp1g9\">GOOGLE MAPS<br \/>\n<\/a>[\/vc_column_text][vc_empty_space][\/vc_column][vc_column width=&#8221;1\/2&#8243;][vc_empty_space][vc_gmaps link=&#8221;#E-8_JTNDaWZyYW1lJTIwc3JjJTNEJTIyaHR0cHMlM0ElMkYlMkZ3d3cuZ29vZ2xlLmNvbSUyRm1hcHMlMkZlbWJlZCUzRnBiJTNEJTIxMW0xOCUyMTFtMTIlMjExbTMlMjExZDMwMjIuMTQwMjcxMDMyOTUxNyUyMTJkMzAuNjUyODk4ODc1NzA4MjI1JTIxM2Q0MC43NTg5Mzk0NzEzODY1NCUyMTJtMyUyMTFmMCUyMTJmMCUyMTNmMCUyMTNtMiUyMTFpMTAyNCUyMTJpNzY4JTIxNGYxMy4xJTIxM20zJTIxMW0yJTIxMXMweDQwOWQ4Yjg4OTJmOTU5NDklMjUzQTB4NTE0NmQ4ZDNmNzc1YmE0NCUyMTJ6VTBGSElFakVzRVJTVDB6RXNFc2dWRlZTUzBWWiUyMTVlMCUyMTNtMiUyMTFzaXQlMjEyc2l0JTIxNHYxNzIwNDU3NTg5NDE5JTIxNW0yJTIxMXNpdCUyMTJzaXQlMjIlMjB3aWR0aCUzRCUyMjYwMCUyMiUyMGhlaWdodCUzRCUyMjQ1MCUyMiUyMHN0eWxlJTNEJTIyYm9yZGVyJTNBMCUzQiUyMiUyMGFsbG93ZnVsbHNjcmVlbiUzRCUyMiUyMiUyMGxvYWRpbmclM0QlMjJsYXp5JTIyJTIwcmVmZXJyZXJwb2xpY3klM0QlMjJuby1yZWZlcnJlci13aGVuLWRvd25ncmFkZSUyMiUzRSUzQyUyRmlmcmFtZSUzRQ==&#8221;][vc_empty_space][\/vc_column][\/vc_row]<\/p>\n<\/div>","protected":false},"excerpt":{"rendered":"<p>[vc_row css_animation=&#8221;&#8221; row_type=&#8221;row&#8221; use_row_as_full_screen_section=&#8221;no&#8221; type=&#8221;full_width&#8221; angled_section=&#8221;no&#8221; text_align=&#8221;left&#8221; background_image_as_pattern=&#8221;without_pattern&#8221;][vc_column width=&#8221;1\/2&#8243;][vc_empty_space][vc_column_text] SAG H\u0130DROL\u0130K Tic.San.Ltd.\u015eti. Sakarya 2. Organize Sanayi B\u00f6lgesi, 3 Nolu Yol, No:20 &#8211; 54300 Kargal\u0131hanbaba, Hendek &#8211; SAKARYA T\u00dcRK\u0130YE Tel +90 264 290 6144 &#8211; Faks +90 264 290 6145 info@saghidrolik.com GOOGLE MAPS [\/vc_column_text][vc_empty_space][\/vc_column][vc_column width=&#8221;1\/2&#8243;][vc_empty_space][vc_gmaps link=&#8221;#E-8_JTNDaWZyYW1lJTIwc3JjJTNEJTIyaHR0cHMlM0ElMkYlMkZ3d3cuZ29vZ2xlLmNvbSUyRm1hcHMlMkZlbWJlZCUzRnBiJTNEJTIxMW0xOCUyMTFtMTIlMjExbTMlMjExZDMwMjIuMTQwMjcxMDMyOTUxNyUyMTJkMzAuNjUyODk4ODc1NzA4MjI1JTIxM2Q0MC43NTg5Mzk0NzEzODY1NCUyMTJtMyUyMTFmMCUyMTJmMCUyMTNmMCUyMTNtMiUyMTFpMTAyNCUyMTJpNzY4JTIxNGYxMy4xJTIxM20zJTIxMW0yJTIxMXMweDQwOWQ4Yjg4OTJmOTU5NDklMjUzQTB4NTE0NmQ4ZDNmNzc1YmE0NCUyMTJ6VTBGSElFakVzRVJTVDB6RXNFc2dWRlZTUzBWWiUyMTVlMCUyMTNtMiUyMTFzaXQlMjEyc2l0JTIxNHYxNzIwNDU3NTg5NDE5JTIxNW0yJTIxMXNpdCUyMTJzaXQlMjIlMjB3aWR0aCUzRCUyMjYwMCUyMiUyMGhlaWdodCUzRCUyMjQ1MCUyMiUyMHN0eWxlJTNEJTIyYm9yZGVyJTNBMCUzQiUyMiUyMGFsbG93ZnVsbHNjcmVlbiUzRCUyMiUyMiUyMGxvYWRpbmclM0QlMjJsYXp5JTIyJTIwcmVmZXJyZXJwb2xpY3klM0QlMjJuby1yZWZlcnJlci13aGVuLWRvd25ncmFkZSUyMiUzRSUzQyUyRmlmcmFtZSUzRQ==&#8221;][vc_empty_space][\/vc_column][\/vc_row]<\/p>\n","protected":false},"author":4,"featured_media":0,"parent":0,"menu_order":0,"comment_status":"closed","ping_status":"closed","template":"","meta":{"inline_featured_image":false,"footnotes":""},"class_list":["post-692","page","type-page","status-publish","hentry"],"yoast_head":"<!-- This site is optimized with the Yoast SEO plugin v23.6 - https:\/\/yoast.com\/wordpress\/plugins\/seo\/ -->\n<title>Sag Hidrolik Turkey tube manipulation<\/title>\n<meta name=\"description\" content=\"Located logistically convenient to automotive hubs in Turkey and aiming for further overseas customers, SAG H\u0130DROL\u0130K TURKEY produces a wide range of rigid and flexible pipes in agricultural machinery, engine, industrial vehicles, earth-moving machinery segments. Our in-house capabilities and the variety of the business segments have been increasing on a steady and up-moving basis, as SAG H\u0130DROL\u0130K TURKEY continues to invest in machinery, technology, human resources, research and development.\" \/>\n<meta name=\"robots\" content=\"index, follow, max-snippet:-1, max-image-preview:large, max-video-preview:-1\" \/>\n<link rel=\"canonical\" href=\"https:\/\/saghidrolik.saggroup.com\/tr\/bize-ulasin\/\" \/>\n<meta property=\"og:locale\" content=\"tr_TR\" \/>\n<meta property=\"og:type\" content=\"article\" \/>\n<meta property=\"og:title\" content=\"Sag Hidrolik Turkey tube manipulation\" \/>\n<meta property=\"og:description\" content=\"Located logistically convenient to automotive hubs in Turkey and aiming for further overseas customers, SAG H\u0130DROL\u0130K TURKEY produces a wide range of rigid and flexible pipes in agricultural machinery, engine, industrial vehicles, earth-moving machinery segments. Our in-house capabilities and the variety of the business segments have been increasing on a steady and up-moving basis, as SAG H\u0130DROL\u0130K TURKEY continues to invest in machinery, technology, human resources, research and development.\" \/>\n<meta property=\"og:url\" content=\"https:\/\/saghidrolik.saggroup.com\/tr\/bize-ulasin\/\" \/>\n<meta property=\"og:site_name\" content=\"Sag Hidrolik\" \/>\n<meta property=\"article:modified_time\" content=\"2024-10-31T14:12:23+00:00\" \/>\n<meta name=\"twitter:card\" content=\"summary_large_image\" \/>\n<meta name=\"twitter:label1\" content=\"Tahmini okuma s\u00fcresi\" \/>\n\t<meta name=\"twitter:data1\" content=\"1 dakika\" \/>\n<script type=\"application\/ld+json\" class=\"yoast-schema-graph\">{\"@context\":\"https:\/\/schema.org\",\"@graph\":[{\"@type\":\"WebPage\",\"@id\":\"https:\/\/saghidrolik.saggroup.com\/tr\/bize-ulasin\/\",\"url\":\"https:\/\/saghidrolik.saggroup.com\/tr\/bize-ulasin\/\",\"name\":\"Sag Hidrolik Turkey tube manipulation\",\"isPartOf\":{\"@id\":\"https:\/\/saghidrolik.saggroup.com\/#website\"},\"datePublished\":\"2024-05-06T10:00:44+00:00\",\"dateModified\":\"2024-10-31T14:12:23+00:00\",\"description\":\"Located logistically convenient to automotive hubs in Turkey and aiming for further overseas customers, SAG H\u0130DROL\u0130K TURKEY produces a wide range of rigid and flexible pipes in agricultural machinery, engine, industrial vehicles, earth-moving machinery segments. Our in-house capabilities and the variety of the business segments have been increasing on a steady and up-moving basis, as SAG H\u0130DROL\u0130K TURKEY continues to invest in machinery, technology, human resources, research and development.\",\"breadcrumb\":{\"@id\":\"https:\/\/saghidrolik.saggroup.com\/tr\/bize-ulasin\/#breadcrumb\"},\"inLanguage\":\"tr\",\"potentialAction\":[{\"@type\":\"ReadAction\",\"target\":[\"https:\/\/saghidrolik.saggroup.com\/tr\/bize-ulasin\/\"]}]},{\"@type\":\"BreadcrumbList\",\"@id\":\"https:\/\/saghidrolik.saggroup.com\/tr\/bize-ulasin\/#breadcrumb\",\"itemListElement\":[{\"@type\":\"ListItem\",\"position\":1,\"name\":\"Home\",\"item\":\"https:\/\/saghidrolik.saggroup.com\/tr\/\"},{\"@type\":\"ListItem\",\"position\":2,\"name\":\"\u0130leti\u015fim\"}]},{\"@type\":\"WebSite\",\"@id\":\"https:\/\/saghidrolik.saggroup.com\/#website\",\"url\":\"https:\/\/saghidrolik.saggroup.com\/\",\"name\":\"Sag Hidrolik\",\"description\":\"\",\"potentialAction\":[{\"@type\":\"SearchAction\",\"target\":{\"@type\":\"EntryPoint\",\"urlTemplate\":\"https:\/\/saghidrolik.saggroup.com\/?s={search_term_string}\"},\"query-input\":{\"@type\":\"PropertyValueSpecification\",\"valueRequired\":true,\"valueName\":\"search_term_string\"}}],\"inLanguage\":\"tr\"}]}<\/script>\n<!-- \/ Yoast SEO plugin. -->","yoast_head_json":{"title":"Sag Hidrolik Turkey tube manipulation","description":"Located logistically convenient to automotive hubs in Turkey and aiming for further overseas customers, SAG H\u0130DROL\u0130K TURKEY produces a wide range of rigid and flexible pipes in agricultural machinery, engine, industrial vehicles, earth-moving machinery segments. Our in-house capabilities and the variety of the business segments have been increasing on a steady and up-moving basis, as SAG H\u0130DROL\u0130K TURKEY continues to invest in machinery, technology, human resources, research and development.","robots":{"index":"index","follow":"follow","max-snippet":"max-snippet:-1","max-image-preview":"max-image-preview:large","max-video-preview":"max-video-preview:-1"},"canonical":"https:\/\/saghidrolik.saggroup.com\/tr\/bize-ulasin\/","og_locale":"tr_TR","og_type":"article","og_title":"Sag Hidrolik Turkey tube manipulation","og_description":"Located logistically convenient to automotive hubs in Turkey and aiming for further overseas customers, SAG H\u0130DROL\u0130K TURKEY produces a wide range of rigid and flexible pipes in agricultural machinery, engine, industrial vehicles, earth-moving machinery segments. Our in-house capabilities and the variety of the business segments have been increasing on a steady and up-moving basis, as SAG H\u0130DROL\u0130K TURKEY continues to invest in machinery, technology, human resources, research and development.","og_url":"https:\/\/saghidrolik.saggroup.com\/tr\/bize-ulasin\/","og_site_name":"Sag Hidrolik","article_modified_time":"2024-10-31T14:12:23+00:00","twitter_card":"summary_large_image","twitter_misc":{"Tahmini okuma s\u00fcresi":"1 dakika"},"schema":{"@context":"https:\/\/schema.org","@graph":[{"@type":"WebPage","@id":"https:\/\/saghidrolik.saggroup.com\/tr\/bize-ulasin\/","url":"https:\/\/saghidrolik.saggroup.com\/tr\/bize-ulasin\/","name":"Sag Hidrolik Turkey tube manipulation","isPartOf":{"@id":"https:\/\/saghidrolik.saggroup.com\/#website"},"datePublished":"2024-05-06T10:00:44+00:00","dateModified":"2024-10-31T14:12:23+00:00","description":"Located logistically convenient to automotive hubs in Turkey and aiming for further overseas customers, SAG H\u0130DROL\u0130K TURKEY produces a wide range of rigid and flexible pipes in agricultural machinery, engine, industrial vehicles, earth-moving machinery segments. Our in-house capabilities and the variety of the business segments have been increasing on a steady and up-moving basis, as SAG H\u0130DROL\u0130K TURKEY continues to invest in machinery, technology, human resources, research and development.","breadcrumb":{"@id":"https:\/\/saghidrolik.saggroup.com\/tr\/bize-ulasin\/#breadcrumb"},"inLanguage":"tr","potentialAction":[{"@type":"ReadAction","target":["https:\/\/saghidrolik.saggroup.com\/tr\/bize-ulasin\/"]}]},{"@type":"BreadcrumbList","@id":"https:\/\/saghidrolik.saggroup.com\/tr\/bize-ulasin\/#breadcrumb","itemListElement":[{"@type":"ListItem","position":1,"name":"Home","item":"https:\/\/saghidrolik.saggroup.com\/tr\/"},{"@type":"ListItem","position":2,"name":"\u0130leti\u015fim"}]},{"@type":"WebSite","@id":"https:\/\/saghidrolik.saggroup.com\/#website","url":"https:\/\/saghidrolik.saggroup.com\/","name":"Sag Hidrolik","description":"","potentialAction":[{"@type":"SearchAction","target":{"@type":"EntryPoint","urlTemplate":"https:\/\/saghidrolik.saggroup.com\/?s={search_term_string}"},"query-input":{"@type":"PropertyValueSpecification","valueRequired":true,"valueName":"search_term_string"}}],"inLanguage":"tr"}]}},"rttpg_featured_image_url":null,"rttpg_author":{"display_name":"antonio","author_link":"https:\/\/saghidrolik.saggroup.com\/tr\/author\/antonio\/"},"rttpg_comment":0,"rttpg_category":" <a href=\"https:\/\/saghidrolik.saggroup.com\/tr\/?taxonomy=translation_priority&#038;term=opzionale-tr\" rel=\"tag\">Opzionale<\/a>","rttpg_excerpt":"[vc_row css_animation=&#8221;&#8221; row_type=&#8221;row&#8221; use_row_as_full_screen_section=&#8221;no&#8221; type=&#8221;full_width&#8221; angled_section=&#8221;no&#8221; text_align=&#8221;left&#8221; background_image_as_pattern=&#8221;without_pattern&#8221;][vc_column width=&#8221;1\/2&#8243;][vc_empty_space][vc_column_text] SAG H\u0130DROL\u0130K Tic.San.Ltd.\u015eti. Sakarya 2. Organize Sanayi B\u00f6lgesi, 3 Nolu Yol, No:20 &#8211; 54300 Kargal\u0131hanbaba, Hendek &#8211; SAKARYA T\u00dcRK\u0130YE Tel +90 264 290 6144 &#8211; Faks +90 264 290 6145 info@saghidrolik.com GOOGLE MAPS [\/vc_column_text][vc_empty_space][\/vc_column][vc_column width=&#8221;1\/2&#8243;][vc_empty_space][vc_gmaps link=&#8221;#E-8_JTNDaWZyYW1lJTIwc3JjJTNEJTIyaHR0cHMlM0ElMkYlMkZ3d3cuZ29vZ2xlLmNvbSUyRm1hcHMlMkZlbWJlZCUzRnBiJTNEJTIxMW0xOCUyMTFtMTIlMjExbTMlMjExZDMwMjIuMTQwMjcxMDMyOTUxNyUyMTJkMzAuNjUyODk4ODc1NzA4MjI1JTIxM2Q0MC43NTg5Mzk0NzEzODY1NCUyMTJtMyUyMTFmMCUyMTJmMCUyMTNmMCUyMTNtMiUyMTFpMTAyNCUyMTJpNzY4JTIxNGYxMy4xJTIxM20zJTIxMW0yJTIxMXMweDQwOWQ4Yjg4OTJmOTU5NDklMjUzQTB4NTE0NmQ4ZDNmNzc1YmE0NCUyMTJ6VTBGSElFakVzRVJTVDB6RXNFc2dWRlZTUzBWWiUyMTVlMCUyMTNtMiUyMTFzaXQlMjEyc2l0JTIxNHYxNzIwNDU3NTg5NDE5JTIxNW0yJTIxMXNpdCUyMTJzaXQlMjIlMjB3aWR0aCUzRCUyMjYwMCUyMiUyMGhlaWdodCUzRCUyMjQ1MCUyMiUyMHN0eWxlJTNEJTIyYm9yZGVyJTNBMCUzQiUyMiUyMGFsbG93ZnVsbHNjcmVlbiUzRCUyMiUyMiUyMGxvYWRpbmclM0QlMjJsYXp5JTIyJTIwcmVmZXJyZXJwb2xpY3klM0QlMjJuby1yZWZlcnJlci13aGVuLWRvd25ncmFkZSUyMiUzRSUzQyUyRmlmcmFtZSUzRQ==&#8221;][vc_empty_space][\/vc_column][\/vc_row]","_links":{"self":[{"href":"https:\/\/saghidrolik.saggroup.com\/tr\/wp-json\/wp\/v2\/pages\/692"}],"collection":[{"href":"https:\/\/saghidrolik.saggroup.com\/tr\/wp-json\/wp\/v2\/pages"}],"about":[{"href":"https:\/\/saghidrolik.saggroup.com\/tr\/wp-json\/wp\/v2\/types\/page"}],"author":[{"embeddable":true,"href":"https:\/\/saghidrolik.saggroup.com\/tr\/wp-json\/wp\/v2\/users\/4"}],"replies":[{"embeddable":true,"href":"https:\/\/saghidrolik.saggroup.com\/tr\/wp-json\/wp\/v2\/comments?post=692"}],"version-history":[{"count":3,"href":"https:\/\/saghidrolik.saggroup.com\/tr\/wp-json\/wp\/v2\/pages\/692\/revisions"}],"predecessor-version":[{"id":799,"href":"https:\/\/saghidrolik.saggroup.com\/tr\/wp-json\/wp\/v2\/pages\/692\/revisions\/799"}],"wp:attachment":[{"href":"https:\/\/saghidrolik.saggroup.com\/tr\/wp-json\/wp\/v2\/media?parent=692"}],"curies":[{"name":"wp","href":"https:\/\/api.w.org\/{rel}","templated":true}]}}