{"id":691,"date":"2024-05-06T12:01:40","date_gmt":"2024-05-06T10:01:40","guid":{"rendered":"https:\/\/saghidrolik.saggroup.com\/uygulamalar\/"},"modified":"2024-10-31T15:36:24","modified_gmt":"2024-10-31T14:36:24","slug":"uygulamalar","status":"publish","type":"page","link":"https:\/\/saghidrolik.saggroup.com\/tr\/uygulamalar\/","title":{"rendered":"UYGULAMALAR"},"content":{"rendered":"<div class=\"wpb-content-wrapper\"><p>[vc_row css_animation=&#8221;&#8221; row_type=&#8221;row&#8221; use_row_as_full_screen_section=&#8221;no&#8221; type=&#8221;grid&#8221; angled_section=&#8221;no&#8221; text_align=&#8221;left&#8221; background_image_as_pattern=&#8221;without_pattern&#8221; z_index=&#8221;&#8221;][vc_column][vc_empty_space][vc_column_text]T\u00fcrkiye&#8217;deki otomotiv merkezlerine lojistik a\u00e7\u0131dan uygun bir konuma sahip olan ve yurt d\u0131\u015f\u0131nda daha fazla m\u00fc\u015fteriye ula\u015fmay\u0131 hedefleyen SAG H\u0130DROL\u0130K T\u00dcRK\u0130YE, tar\u0131m makineleri, motor, end\u00fcstriyel ara\u00e7lar, hafriyat makineleri segmentlerinde geni\u015f bir yelpazede rijit ve esnek borular \u00fcretmektedir. SAG H\u0130DROL\u0130K T\u00dcRK\u0130YE, makine, teknoloji, insan kaynaklar\u0131, ara\u015ft\u0131rma ve geli\u015ftirme alanlar\u0131nda yat\u0131r\u0131m yapmaya devam ettik\u00e7e, \u015firket i\u00e7i kabiliyetlerimiz ve i\u015f segmentlerinin \u00e7e\u015fitlili\u011fi istikrarl\u0131 \u015fekilde artmaktad\u0131r.<\/p>\n<p>[\/vc_column_text][vc_empty_space][\/vc_column][\/vc_row][vc_row css_animation=&#8221;&#8221; row_type=&#8221;row&#8221; use_row_as_full_screen_section=&#8221;no&#8221; type=&#8221;grid&#8221; angled_section=&#8221;no&#8221; text_align=&#8221;left&#8221; background_image_as_pattern=&#8221;without_pattern&#8221; z_index=&#8221;&#8221; el_class=&#8221;applicazioni-gallery&#8221; css=&#8221;.vc_custom_1719214615152{margin-bottom: 30px !important;padding-right: 10px !important;padding-left: 10px !important;}&#8221;][vc_column][vc_row_inner row_type=&#8221;row&#8221; type=&#8221;full_width&#8221; text_align=&#8221;left&#8221; css_animation=&#8221;&#8221; el_class=&#8221;applicazioni-gallery-row&#8221;][vc_column_inner el_class=&#8221;applicazioni-gallery-img&#8221; width=&#8221;1\/4&#8243;][vc_single_image image=&#8221;484&#8243; img_size=&#8221;100&#215;100&#8243; alignment=&#8221;center&#8221; qode_css_animation=&#8221;&#8221;][vc_column_text]<\/p>\n<h3 style=\"text-align: center;\">TARIM MAK\u0130NELER\u0130<\/h3>\n<p>[\/vc_column_text][\/vc_column_inner][vc_column_inner el_class=&#8221;applicazioni-gallery-img&#8221; width=&#8221;1\/4&#8243;][vc_single_image image=&#8221;442&#8243; img_size=&#8221;100&#215;100&#8243; alignment=&#8221;center&#8221; qode_css_animation=&#8221;&#8221;][vc_column_text]<\/p>\n<h3 style=\"text-align: center;\">OTOMOT\u0130V<\/h3>\n<p>[\/vc_column_text][\/vc_column_inner][vc_column_inner el_class=&#8221;applicazioni-gallery-img&#8221; width=&#8221;1\/4&#8243;][vc_single_image image=&#8221;478&#8243; img_size=&#8221;100&#215;100&#8243; alignment=&#8221;center&#8221; qode_css_animation=&#8221;&#8221;][vc_column_text]<\/p>\n<h3 style=\"text-align: center;\">MOTORLAR<\/h3>\n<p>[\/vc_column_text][\/vc_column_inner][vc_column_inner el_class=&#8221;applicazioni-gallery-img&#8221; width=&#8221;1\/4&#8243;][vc_single_image image=&#8221;460&#8243; img_size=&#8221;100&#215;100&#8243; alignment=&#8221;center&#8221; qode_css_animation=&#8221;&#8221;][vc_column_text]<\/p>\n<h3 style=\"text-align: center;\">END\u00dcSTR\u0130YEL ARA\u00c7LAR<\/h3>\n<p>[\/vc_column_text][\/vc_column_inner][\/vc_row_inner][vc_row_inner row_type=&#8221;row&#8221; type=&#8221;full_width&#8221; text_align=&#8221;left&#8221; css_animation=&#8221;&#8221; el_class=&#8221;applicazioni-gallery-row&#8221;][vc_column_inner el_class=&#8221;applicazioni-gallery-img&#8221; width=&#8221;1\/4&#8243;][vc_single_image image=&#8221;466&#8243; img_size=&#8221;100&#215;100&#8243; alignment=&#8221;center&#8221; qode_css_animation=&#8221;&#8221;][vc_column_text]<\/p>\n<h3 style=\"text-align: center;\">HAFR\u0130YAT MAK\u0130NELER\u0130<\/h3>\n<p>[\/vc_column_text][\/vc_column_inner][\/vc_row_inner][\/vc_column][\/vc_row][vc_row css_animation=&#8221;&#8221; row_type=&#8221;row&#8221; use_row_as_full_screen_section=&#8221;no&#8221; type=&#8221;full_width&#8221; angled_section=&#8221;no&#8221; text_align=&#8221;left&#8221; background_image_as_pattern=&#8221;without_pattern&#8221; css=&#8221;.vc_custom_1725290185080{background-color: #e5e5e5 !important;}&#8221; z_index=&#8221;&#8221;][vc_column width=&#8221;1\/6&#8243;][\/vc_column][vc_column width=&#8221;1\/6&#8243;][\/vc_column][vc_column width=&#8221;1\/6&#8243;][vc_empty_space]<a  itemprop=\"url\" href=\"https:\/\/saghidrolik.saggroup.com\/tr\/urunler\" target=\"_self\" data-hover-background-color='#da0916' data-hover-border-color='#da0916'  class=\"qbutton  default\" style=\"color: #ffffff; border-color: #005f73; background-color: #005f73;\">\u00dcR\u00dcNLER<\/a>[vc_empty_space][\/vc_column][vc_column width=&#8221;1\/6&#8243;][vc_empty_space]<a  itemprop=\"url\" href=\"https:\/\/saghidrolik.saggroup.com\/tr\/calisma-surecleri\" target=\"_self\" data-hover-background-color='#da0916' data-hover-border-color='#da0916'  class=\"qbutton  default\" style=\"color: #ffffff; border-color: #005f73; background-color: #005f73;\">\u00c7ALI\u015eMA S\u00dcRE\u00c7LER\u0130<\/a>[vc_empty_space][\/vc_column][vc_column width=&#8221;1\/6&#8243;][\/vc_column][vc_column width=&#8221;1\/6&#8243;][\/vc_column][\/vc_row]<\/p>\n<\/div>","protected":false},"excerpt":{"rendered":"<p>[vc_row css_animation=&#8221;&#8221; row_type=&#8221;row&#8221; use_row_as_full_screen_section=&#8221;no&#8221; type=&#8221;grid&#8221; angled_section=&#8221;no&#8221; text_align=&#8221;left&#8221; background_image_as_pattern=&#8221;without_pattern&#8221; z_index=&#8221;&#8221;][vc_column][vc_empty_space][vc_column_text]T\u00fcrkiye&#8217;deki otomotiv merkezlerine lojistik a\u00e7\u0131dan uygun bir konuma sahip olan ve yurt d\u0131\u015f\u0131nda daha fazla m\u00fc\u015fteriye ula\u015fmay\u0131 hedefleyen SAG H\u0130DROL\u0130K T\u00dcRK\u0130YE, tar\u0131m makineleri, motor, end\u00fcstriyel ara\u00e7lar, hafriyat makineleri segmentlerinde geni\u015f bir yelpazede rijit ve esnek borular \u00fcretmektedir&#8230;.<\/p>\n","protected":false},"author":4,"featured_media":0,"parent":0,"menu_order":0,"comment_status":"closed","ping_status":"closed","template":"full_width.php","meta":{"inline_featured_image":false,"footnotes":""},"class_list":["post-691","page","type-page","status-publish","hentry"],"yoast_head":"<!-- This site is optimized with the Yoast SEO plugin v23.6 - https:\/\/yoast.com\/wordpress\/plugins\/seo\/ -->\n<title>Sag Hidrolik Turkey tube manipulation<\/title>\n<meta name=\"description\" content=\"Located logistically convenient to automotive hubs in Turkey and aiming for further overseas customers, SAG H\u0130DROL\u0130K TURKEY produces a wide range of rigid and flexible pipes in agricultural machinery, engine, industrial vehicles, earth-moving machinery segments. Our in-house capabilities and the variety of the business segments have been increasing on a steady and up-moving basis, as SAG H\u0130DROL\u0130K TURKEY continues to invest in machinery, technology, human resources, research and development.\" \/>\n<meta name=\"robots\" content=\"index, follow, max-snippet:-1, max-image-preview:large, max-video-preview:-1\" \/>\n<link rel=\"canonical\" href=\"https:\/\/saghidrolik.saggroup.com\/tr\/uygulamalar\/\" \/>\n<meta property=\"og:locale\" content=\"tr_TR\" \/>\n<meta property=\"og:type\" content=\"article\" \/>\n<meta property=\"og:title\" content=\"Sag Hidrolik Turkey tube manipulation\" \/>\n<meta property=\"og:description\" content=\"Located logistically convenient to automotive hubs in Turkey and aiming for further overseas customers, SAG H\u0130DROL\u0130K TURKEY produces a wide range of rigid and flexible pipes in agricultural machinery, engine, industrial vehicles, earth-moving machinery segments. Our in-house capabilities and the variety of the business segments have been increasing on a steady and up-moving basis, as SAG H\u0130DROL\u0130K TURKEY continues to invest in machinery, technology, human resources, research and development.\" \/>\n<meta property=\"og:url\" content=\"https:\/\/saghidrolik.saggroup.com\/tr\/uygulamalar\/\" \/>\n<meta property=\"og:site_name\" content=\"Sag Hidrolik\" \/>\n<meta property=\"article:modified_time\" content=\"2024-10-31T14:36:24+00:00\" \/>\n<meta name=\"twitter:card\" content=\"summary_large_image\" \/>\n<meta name=\"twitter:label1\" content=\"Tahmini okuma s\u00fcresi\" \/>\n\t<meta name=\"twitter:data1\" content=\"2 dakika\" \/>\n<script type=\"application\/ld+json\" class=\"yoast-schema-graph\">{\"@context\":\"https:\/\/schema.org\",\"@graph\":[{\"@type\":\"WebPage\",\"@id\":\"https:\/\/saghidrolik.saggroup.com\/tr\/uygulamalar\/\",\"url\":\"https:\/\/saghidrolik.saggroup.com\/tr\/uygulamalar\/\",\"name\":\"Sag Hidrolik Turkey tube manipulation\",\"isPartOf\":{\"@id\":\"https:\/\/saghidrolik.saggroup.com\/#website\"},\"datePublished\":\"2024-05-06T10:01:40+00:00\",\"dateModified\":\"2024-10-31T14:36:24+00:00\",\"description\":\"Located logistically convenient to automotive hubs in Turkey and aiming for further overseas customers, SAG H\u0130DROL\u0130K TURKEY produces a wide range of rigid and flexible pipes in agricultural machinery, engine, industrial vehicles, earth-moving machinery segments. Our in-house capabilities and the variety of the business segments have been increasing on a steady and up-moving basis, as SAG H\u0130DROL\u0130K TURKEY continues to invest in machinery, technology, human resources, research and development.\",\"breadcrumb\":{\"@id\":\"https:\/\/saghidrolik.saggroup.com\/tr\/uygulamalar\/#breadcrumb\"},\"inLanguage\":\"tr\",\"potentialAction\":[{\"@type\":\"ReadAction\",\"target\":[\"https:\/\/saghidrolik.saggroup.com\/tr\/uygulamalar\/\"]}]},{\"@type\":\"BreadcrumbList\",\"@id\":\"https:\/\/saghidrolik.saggroup.com\/tr\/uygulamalar\/#breadcrumb\",\"itemListElement\":[{\"@type\":\"ListItem\",\"position\":1,\"name\":\"Home\",\"item\":\"https:\/\/saghidrolik.saggroup.com\/tr\/\"},{\"@type\":\"ListItem\",\"position\":2,\"name\":\"UYGULAMALAR\"}]},{\"@type\":\"WebSite\",\"@id\":\"https:\/\/saghidrolik.saggroup.com\/#website\",\"url\":\"https:\/\/saghidrolik.saggroup.com\/\",\"name\":\"Sag Hidrolik\",\"description\":\"\",\"potentialAction\":[{\"@type\":\"SearchAction\",\"target\":{\"@type\":\"EntryPoint\",\"urlTemplate\":\"https:\/\/saghidrolik.saggroup.com\/?s={search_term_string}\"},\"query-input\":{\"@type\":\"PropertyValueSpecification\",\"valueRequired\":true,\"valueName\":\"search_term_string\"}}],\"inLanguage\":\"tr\"}]}<\/script>\n<!-- \/ Yoast SEO plugin. -->","yoast_head_json":{"title":"Sag Hidrolik Turkey tube manipulation","description":"Located logistically convenient to automotive hubs in Turkey and aiming for further overseas customers, SAG H\u0130DROL\u0130K TURKEY produces a wide range of rigid and flexible pipes in agricultural machinery, engine, industrial vehicles, earth-moving machinery segments. Our in-house capabilities and the variety of the business segments have been increasing on a steady and up-moving basis, as SAG H\u0130DROL\u0130K TURKEY continues to invest in machinery, technology, human resources, research and development.","robots":{"index":"index","follow":"follow","max-snippet":"max-snippet:-1","max-image-preview":"max-image-preview:large","max-video-preview":"max-video-preview:-1"},"canonical":"https:\/\/saghidrolik.saggroup.com\/tr\/uygulamalar\/","og_locale":"tr_TR","og_type":"article","og_title":"Sag Hidrolik Turkey tube manipulation","og_description":"Located logistically convenient to automotive hubs in Turkey and aiming for further overseas customers, SAG H\u0130DROL\u0130K TURKEY produces a wide range of rigid and flexible pipes in agricultural machinery, engine, industrial vehicles, earth-moving machinery segments. Our in-house capabilities and the variety of the business segments have been increasing on a steady and up-moving basis, as SAG H\u0130DROL\u0130K TURKEY continues to invest in machinery, technology, human resources, research and development.","og_url":"https:\/\/saghidrolik.saggroup.com\/tr\/uygulamalar\/","og_site_name":"Sag Hidrolik","article_modified_time":"2024-10-31T14:36:24+00:00","twitter_card":"summary_large_image","twitter_misc":{"Tahmini okuma s\u00fcresi":"2 dakika"},"schema":{"@context":"https:\/\/schema.org","@graph":[{"@type":"WebPage","@id":"https:\/\/saghidrolik.saggroup.com\/tr\/uygulamalar\/","url":"https:\/\/saghidrolik.saggroup.com\/tr\/uygulamalar\/","name":"Sag Hidrolik Turkey tube manipulation","isPartOf":{"@id":"https:\/\/saghidrolik.saggroup.com\/#website"},"datePublished":"2024-05-06T10:01:40+00:00","dateModified":"2024-10-31T14:36:24+00:00","description":"Located logistically convenient to automotive hubs in Turkey and aiming for further overseas customers, SAG H\u0130DROL\u0130K TURKEY produces a wide range of rigid and flexible pipes in agricultural machinery, engine, industrial vehicles, earth-moving machinery segments. Our in-house capabilities and the variety of the business segments have been increasing on a steady and up-moving basis, as SAG H\u0130DROL\u0130K TURKEY continues to invest in machinery, technology, human resources, research and development.","breadcrumb":{"@id":"https:\/\/saghidrolik.saggroup.com\/tr\/uygulamalar\/#breadcrumb"},"inLanguage":"tr","potentialAction":[{"@type":"ReadAction","target":["https:\/\/saghidrolik.saggroup.com\/tr\/uygulamalar\/"]}]},{"@type":"BreadcrumbList","@id":"https:\/\/saghidrolik.saggroup.com\/tr\/uygulamalar\/#breadcrumb","itemListElement":[{"@type":"ListItem","position":1,"name":"Home","item":"https:\/\/saghidrolik.saggroup.com\/tr\/"},{"@type":"ListItem","position":2,"name":"UYGULAMALAR"}]},{"@type":"WebSite","@id":"https:\/\/saghidrolik.saggroup.com\/#website","url":"https:\/\/saghidrolik.saggroup.com\/","name":"Sag Hidrolik","description":"","potentialAction":[{"@type":"SearchAction","target":{"@type":"EntryPoint","urlTemplate":"https:\/\/saghidrolik.saggroup.com\/?s={search_term_string}"},"query-input":{"@type":"PropertyValueSpecification","valueRequired":true,"valueName":"search_term_string"}}],"inLanguage":"tr"}]}},"rttpg_featured_image_url":null,"rttpg_author":{"display_name":"antonio","author_link":"https:\/\/saghidrolik.saggroup.com\/tr\/author\/antonio\/"},"rttpg_comment":0,"rttpg_category":" <a href=\"https:\/\/saghidrolik.saggroup.com\/tr\/?taxonomy=translation_priority&#038;term=opzionale-tr\" rel=\"tag\">Opzionale<\/a>","rttpg_excerpt":"[vc_row css_animation=&#8221;&#8221; row_type=&#8221;row&#8221; use_row_as_full_screen_section=&#8221;no&#8221; type=&#8221;grid&#8221; angled_section=&#8221;no&#8221; text_align=&#8221;left&#8221; background_image_as_pattern=&#8221;without_pattern&#8221; z_index=&#8221;&#8221;][vc_column][vc_empty_space][vc_column_text]T\u00fcrkiye&#8217;deki otomotiv merkezlerine lojistik a\u00e7\u0131dan uygun bir konuma sahip olan ve yurt d\u0131\u015f\u0131nda daha fazla m\u00fc\u015fteriye ula\u015fmay\u0131 hedefleyen SAG H\u0130DROL\u0130K T\u00dcRK\u0130YE, tar\u0131m makineleri, motor, end\u00fcstriyel ara\u00e7lar, hafriyat makineleri segmentlerinde geni\u015f bir yelpazede rijit ve esnek borular \u00fcretmektedir....","_links":{"self":[{"href":"https:\/\/saghidrolik.saggroup.com\/tr\/wp-json\/wp\/v2\/pages\/691"}],"collection":[{"href":"https:\/\/saghidrolik.saggroup.com\/tr\/wp-json\/wp\/v2\/pages"}],"about":[{"href":"https:\/\/saghidrolik.saggroup.com\/tr\/wp-json\/wp\/v2\/types\/page"}],"author":[{"embeddable":true,"href":"https:\/\/saghidrolik.saggroup.com\/tr\/wp-json\/wp\/v2\/users\/4"}],"replies":[{"embeddable":true,"href":"https:\/\/saghidrolik.saggroup.com\/tr\/wp-json\/wp\/v2\/comments?post=691"}],"version-history":[{"count":4,"href":"https:\/\/saghidrolik.saggroup.com\/tr\/wp-json\/wp\/v2\/pages\/691\/revisions"}],"predecessor-version":[{"id":806,"href":"https:\/\/saghidrolik.saggroup.com\/tr\/wp-json\/wp\/v2\/pages\/691\/revisions\/806"}],"wp:attachment":[{"href":"https:\/\/saghidrolik.saggroup.com\/tr\/wp-json\/wp\/v2\/media?parent=691"}],"curies":[{"name":"wp","href":"https:\/\/api.w.org\/{rel}","templated":true}]}}