{"id":13,"date":"2023-06-26T12:40:22","date_gmt":"2023-06-26T10:40:22","guid":{"rendered":"https:\/\/saghidrolik.saggroup.com\/home\/"},"modified":"2024-10-31T14:46:27","modified_gmt":"2024-10-31T13:46:27","slug":"home","status":"publish","type":"page","link":"https:\/\/saghidrolik.saggroup.com\/tr\/","title":{"rendered":"Home"},"content":{"rendered":"<div class=\"wpb-content-wrapper\"><p>[vc_row css_animation=&#8221;&#8221; row_type=&#8221;row&#8221; use_row_as_full_screen_section=&#8221;yes&#8221; type=&#8221;full_width&#8221; angled_section=&#8221;no&#8221; text_align=&#8221;center&#8221; background_image_as_pattern=&#8221;without_pattern&#8221; z_index=&#8221;&#8221; css=&#8221;.vc_custom_1699265058566{margin-top: 0px !important;margin-right: 0px !important;margin-left: 0px !important;}&#8221; el_class=&#8221;home-video-background&#8221;][vc_column css=&#8221;.vc_custom_1699265062702{margin-top: 0px !important;margin-right: 0px !important;margin-left: 0px !important;}&#8221;][vc_column_text]\n\t\t\t<!-- START tubi parallax REVOLUTION SLIDER 6.6.14 --><p class=\"rs-p-wp-fix\"><\/p>\n\t\t\t<rs-module-wrap id=\"rev_slider_1_1_wrapper\" data-source=\"gallery\" style=\"visibility:hidden;background:transparent;padding:0;margin:0px auto;margin-top:0;margin-bottom:0;\">\n\t\t\t\t<rs-module id=\"rev_slider_1_1\" style=\"\" data-version=\"6.6.14\">\n\t\t\t\t\t<rs-slides style=\"overflow: hidden; position: absolute;\">\n\t\t\t\t\t\t<rs-slide style=\"position: absolute;\" data-key=\"rs-1\" data-title=\"Home\" data-anim=\"ms:10;\" data-in=\"o:1;\" data-out=\"a:false;\">\n\t\t\t\t\t\t\t<img decoding=\"async\" src=\"\/\/saghidrolik.saggroup.com\/wp-content\/plugins\/revslider\/public\/assets\/assets\/dummy.png\" alt=\"\" title=\"sfumatura_grigia\" width=\"1920\" height=\"880\" class=\"rev-slidebg tp-rs-img rs-lazyload\" data-lazyload=\"\/\/saghidrolik.saggroup.com\/wp-content\/uploads\/sites\/7\/2024\/06\/sfumatura_grigia.jpg\" data-parallax=\"off\" data-no-retina>\n<!--\n\t\t\t\t\t\t\t--><rs-layer\n\t\t\t\t\t\t\t\tid=\"slider-1-slide-1-layer-0\" \n\t\t\t\t\t\t\t\tclass=\"rs-pxl-14\"\n\t\t\t\t\t\t\t\tdata-type=\"image\"\n\t\t\t\t\t\t\t\tdata-rsp_ch=\"on\"\n\t\t\t\t\t\t\t\tdata-xy=\"xo:0,0,-1px,-72px;y:m;yo:-43px,-144px,-80px,-125px;\"\n\t\t\t\t\t\t\t\tdata-text=\"w:normal;s:20,8,6,4;l:0,10,7,6;\"\n\t\t\t\t\t\t\t\tdata-dim=\"w:['100%','100%','100%','100%'];h:['100%','100%','100%','100%'];\"\n\t\t\t\t\t\t\t\tdata-basealign=\"slide\"\n\t\t\t\t\t\t\t\tdata-sba=\"so:0ms\"\n\t\t\t\t\t\t\t\tdata-frame_0=\"x:-800px,-320px,-243px,-149px;o:0.5;\"\n\t\t\t\t\t\t\t\tdata-frame_1=\"sp:1500;\"\n\t\t\t\t\t\t\t\tdata-frame_999=\"o:0;st:w;\"\n\t\t\t\t\t\t\t\tstyle=\"z-index:6;\"\n\t\t\t\t\t\t\t><img decoding=\"async\" src=\"\/\/saghidrolik.saggroup.com\/wp-content\/plugins\/revslider\/public\/assets\/assets\/dummy.png\" alt=\"\" class=\"tp-rs-img rs-lazyload\" width=\"2880\" height=\"1782\" data-lazyload=\"\/\/saghidrolik.saggroup.com\/wp-content\/uploads\/sites\/7\/2024\/07\/foto-tubi-home-saghidrolikOK.png\" data-c=\"cover-proportional\" data-no-retina> \n\t\t\t\t\t\t\t<\/rs-layer><!--\n\n\t\t\t\t\t\t\t--><rs-layer\n\t\t\t\t\t\t\t\tid=\"slider-1-slide-1-layer-1\" \n\t\t\t\t\t\t\t\tclass=\"text-slider\"\n\t\t\t\t\t\t\t\tdata-type=\"text\"\n\t\t\t\t\t\t\t\tdata-color=\"#333333\"\n\t\t\t\t\t\t\t\tdata-rsp_ch=\"on\"\n\t\t\t\t\t\t\t\tdata-xy=\"x:r,r,r,c;xo:200px,-344px,2px,10px;y:m;yo:-74px,-105px,-77px,130px;\"\n\t\t\t\t\t\t\t\tdata-text=\"w:normal;s:140,80,53,46;l:145,85,53,51;\"\n\t\t\t\t\t\t\t\tdata-dim=\"w:916px,821px,324px,282px;\"\n\t\t\t\t\t\t\t\tdata-frame_999=\"o:0;st:w;\"\n\t\t\t\t\t\t\t\tstyle=\"z-index:8;font-family:'Arial', 'Helvetica', 'sans-serif';\"\n\t\t\t\t\t\t\t>Precision Innovation Reliability \n\t\t\t\t\t\t\t<\/rs-layer><!--\n\n\t\t\t\t\t\t\t--><rs-layer\n\t\t\t\t\t\t\t\tid=\"slider-1-slide-1-layer-4\" \n\t\t\t\t\t\t\t\tdata-type=\"image\"\n\t\t\t\t\t\t\t\tdata-rsp_ch=\"on\"\n\t\t\t\t\t\t\t\tdata-xy=\"y:m,m,m,t;yo:-11px,-114px,-77px,-1px;\"\n\t\t\t\t\t\t\t\tdata-text=\"w:normal;s:20,8,6,4;l:0,10,7,6;\"\n\t\t\t\t\t\t\t\tdata-dim=\"w:726px,521px,376px,363px;h:783px,481px,347px,335px;\"\n\t\t\t\t\t\t\t\tdata-frame_999=\"o:0;st:w;\"\n\t\t\t\t\t\t\t\tstyle=\"z-index:7;\"\n\t\t\t\t\t\t\t><img decoding=\"async\" src=\"\/\/saghidrolik.saggroup.com\/wp-content\/plugins\/revslider\/public\/assets\/assets\/dummy.png\" alt=\"\" class=\"tp-rs-img rs-lazyload\" width=\"1238\" height=\"1336\" data-lazyload=\"\/\/saghidrolik.saggroup.com\/wp-content\/uploads\/sites\/7\/2024\/06\/big-logo-home-hidrolik.png\" data-no-retina> \n\t\t\t\t\t\t\t<\/rs-layer><!--\n-->\t\t\t\t\t\t<\/rs-slide>\n\t\t\t\t\t<\/rs-slides>\n\t\t\t\t<\/rs-module>\n\t\t\t\t<script>\n\t\t\t\t\tsetREVStartSize({c: 'rev_slider_1_1',rl:[1240,1024,778,480],el:[800,700,500,600],gw:[2560,1024,778,480],gh:[800,700,500,600],type:'hero',justify:'',layout:'fullwidth',mh:\"0\"});if (window.RS_MODULES!==undefined && window.RS_MODULES.modules!==undefined && window.RS_MODULES.modules[\"revslider11\"]!==undefined) {window.RS_MODULES.modules[\"revslider11\"].once = false;window.revapi1 = undefined;if (window.RS_MODULES.checkMinimal!==undefined) window.RS_MODULES.checkMinimal()}\n\t\t\t\t<\/script>\n\t\t\t<\/rs-module-wrap>\n\t\t\t<!-- END REVOLUTION SLIDER -->\n[\/vc_column_text][\/vc_column][\/vc_row][vc_row css_animation=&#8221;&#8221; row_type=&#8221;row&#8221; use_row_as_full_screen_section=&#8221;no&#8221; type=&#8221;full_width&#8221; angled_section=&#8221;no&#8221; text_align=&#8221;left&#8221; background_image_as_pattern=&#8221;without_pattern&#8221; css=&#8221;.vc_custom_1719494512540{padding-top: 50px !important;padding-bottom: 50px !important;}&#8221; z_index=&#8221;&#8221; el_id=&#8221;aggancio&#8221;][vc_column el_class=&#8221;soluzioni_row&#8221;][vc_column_text el_class=&#8221;p_lg&#8221;]<br \/>\nSAG GROUP&#8217;un bir \u00fcyesi olan  SAG Hi\u0307droli\u0307k T\u00fcrki\u0307ye, SAG GROUP kalitesini ve boru i\u015fleme uzmanl\u0131\u011f\u0131n\u0131 T\u00fcrkiye&#8217;ye getirme fikriyle 2011 y\u0131l\u0131nda kurulmu\u015ftur. SAG GROUP standartlar\u0131na g\u00f6re yap\u0131land\u0131r\u0131lan ve y\u00f6netilen  SAG Hi\u0307droli\u0307k T\u00fcrki\u0307ye, \u0130talya&#8217;da sunulan kan\u0131tlanm\u0131\u015f y\u00fcksek kalitenin ayn\u0131s\u0131n\u0131 sunmakta ve bunu \u00f6zel ekibi taraf\u0131ndan sa\u011flanan ola\u011fan\u00fcst\u00fc bir hizmetle birle\u015ftirmektedir. \u00dcretime 2012 y\u0131l\u0131nda 1.200 m\u00b2&#8217;lik bir tesiste ba\u015flayan  SAG Hi\u0307droli\u0307k T\u00fcrki\u0307ye, s\u00fcrekli artan sat\u0131\u015f rakamlar\u0131 ve kulaktan kula\u011fa yay\u0131lan itibar\u0131 sayesinde bug\u00fcn Sakarya&#8217;da 10.000 m\u00b2&#8217;lik bir tesiste faaliyet g\u00f6stermektedir.<\/p>\n<p>[\/vc_column_text][\/vc_column][\/vc_row][vc_row css_animation=&#8221;&#8221; row_type=&#8221;row&#8221; use_row_as_full_screen_section=&#8221;yes&#8221; type=&#8221;full_width&#8221; angled_section=&#8221;no&#8221; text_align=&#8221;left&#8221; background_image_as_pattern=&#8221;without_pattern&#8221; css=&#8221;.vc_custom_1719494522501{padding-top: 20px !important;padding-bottom: 50px !important;background-image: url(https:\/\/saghidrolik.saggroup.com\/wp-content\/uploads\/sites\/7\/2024\/06\/bg-soluzioni-saghidrolik-scaled.jpg?id=352) !important;}&#8221; z_index=&#8221;&#8221;][vc_column el_class=&#8221;soluzioni_row&#8221;][vc_empty_space height=&#8221;50px&#8221;][vc_column_text el_class=&#8221;color_light&#8221;]<\/p>\n<h3>\u00c7\u00f6z\u00fcmler<\/h3>\n<p>[\/vc_column_text][vc_column_text el_class=&#8221;color_light&#8221;]T\u00fcrkiye&#8217;deki otomotiv merkezlerine lojistik a\u00e7\u0131dan uygun bir konuma sahip olan ve yurt d\u0131\u015f\u0131nda daha fazla m\u00fc\u015fteriye ula\u015fmay\u0131 hedefleyen  SAG Hi\u0307droli\u0307k T\u00fcrki\u0307ye, tar\u0131m makineleri, motor, end\u00fcstriyel ara\u00e7lar, hafriyat makineleri segmentlerinde geni\u015f bir yelpazede rijit ve esnek borular \u00fcretmektedir.  SAG Hi\u0307droli\u0307k T\u00fcrki\u0307ye, makine, teknoloji, insan kaynaklar\u0131, ara\u015ft\u0131rma ve geli\u015ftirme alanlar\u0131nda yat\u0131r\u0131m yapmaya devam ettik\u00e7e, \u015firket i\u00e7i kabiliyetlerimiz ve i\u015f segmentlerinin \u00e7e\u015fitlili\u011fi istikrarl\u0131 \u015fekilde artmaktad\u0131r.<br \/>\n[\/vc_column_text][vc_empty_space height=&#8221;50px&#8221;][\/vc_column][\/vc_row][vc_row css_animation=&#8221;&#8221; row_type=&#8221;row&#8221; use_row_as_full_screen_section=&#8221;yes&#8221; type=&#8221;full_width&#8221; angled_section=&#8221;no&#8221; text_align=&#8221;left&#8221; background_image_as_pattern=&#8221;without_pattern&#8221; css=&#8221;.vc_custom_1699266409165{background-color: #ffffff !important;}&#8221; z_index=&#8221;&#8221; el_class=&#8221;due_row&#8221;][vc_column width=&#8221;1\/2&#8243; css=&#8221;.vc_custom_1721059875527{padding-right: 50px !important;padding-left: 50px !important;background-image: url(https:\/\/saghidrolik.saggroup.com\/wp-content\/uploads\/sites\/7\/2024\/07\/bg-design-saghidrolik.jpg?id=525) !important;background-position: center !important;background-repeat: no-repeat !important;background-size: cover !important;}&#8221;][vc_empty_space height=&#8221;100px&#8221;][vc_column_text el_class=&#8221;pStessaAltezza color_light&#8221;]<\/p>\n<h3>Tasar\u0131m ve Ortak Tasar\u0131m<\/h3>\n<p> SAG Hi\u0307droli\u0307k T\u00fcrki\u0307ye, ilgili sistemin optimizasyonuna katk\u0131da bulunmak amac\u0131yla \u00fcr\u00fcn tasar\u0131m\u0131 a\u015famas\u0131nda m\u00fc\u015fterilerine dan\u0131\u015fmanl\u0131k hizmetleri sunabilmektedir.<br \/>\n[\/vc_column_text][vc_empty_space height=&#8221;100px&#8221;][\/vc_column][vc_column width=&#8221;1\/2&#8243; css=&#8221;.vc_custom_1721059978729{padding-right: 50px !important;padding-left: 50px !important;background-image: url(https:\/\/saghidrolik.saggroup.com\/wp-content\/uploads\/sites\/7\/2024\/07\/bg-qaulita-saghidrolik.jpg?id=529) !important;background-position: center !important;background-repeat: no-repeat !important;background-size: cover !important;}&#8221;][vc_empty_space height=&#8221;100px&#8221;][vc_column_text el_class=&#8221;pStessaAltezza color_light&#8221;]<\/p>\n<h3>Test ve Onay<\/h3>\n<p> SAG Hi\u0307droli\u0307k T\u00fcrki\u0307ye, testler ve kalite kontrolleri ger\u00e7ekle\u015ftirmek i\u00e7in iyi donan\u0131ml\u0131 bir laboratuvara sahiptir. \u0130stenilen sonuca ula\u015fmak i\u00e7in t\u00fcm \u00fcretim s\u00fcreci ve faaliyetleri son derece uzman kalite personeli taraf\u0131ndan izlenmekte ve kontrol edilmektedir. Boyutsal kontroller ve performans testleri \u00e7e\u015fitli y\u00f6ntemler ve ara\u00e7lar kullan\u0131larak ger\u00e7ekle\u015ftirilir<\/p>\n<p>[\/vc_column_text][vc_empty_space height=&#8221;100px&#8221;][\/vc_column][\/vc_row]<\/p>\n<\/div>","protected":false},"excerpt":{"rendered":"<p>[vc_row css_animation=&#8221;&#8221; row_type=&#8221;row&#8221; use_row_as_full_screen_section=&#8221;yes&#8221; type=&#8221;full_width&#8221; angled_section=&#8221;no&#8221; text_align=&#8221;center&#8221; background_image_as_pattern=&#8221;without_pattern&#8221; z_index=&#8221;&#8221; css=&#8221;.vc_custom_1699265058566{margin-top: 0px !important;margin-right: 0px !important;margin-left: 0px !important;}&#8221; el_class=&#8221;home-video-background&#8221;][vc_column css=&#8221;.vc_custom_1699265062702{margin-top: 0px !important;margin-right: 0px !important;margin-left: 0px !important;}&#8221;][vc_column_text][\/vc_column_text][\/vc_column][\/vc_row][vc_row css_animation=&#8221;&#8221; row_type=&#8221;row&#8221; use_row_as_full_screen_section=&#8221;no&#8221; type=&#8221;full_width&#8221; angled_section=&#8221;no&#8221; text_align=&#8221;left&#8221; background_image_as_pattern=&#8221;without_pattern&#8221; css=&#8221;.vc_custom_1719494512540{padding-top: 50px !important;padding-bottom: 50px !important;}&#8221; z_index=&#8221;&#8221; el_id=&#8221;aggancio&#8221;][vc_column el_class=&#8221;soluzioni_row&#8221;][vc_column_text el_class=&#8221;p_lg&#8221;] SAG GROUP&#8217;un bir \u00fcyesi olan&#8230;<\/p>\n","protected":false},"author":1,"featured_media":0,"parent":0,"menu_order":0,"comment_status":"closed","ping_status":"closed","template":"full_width.php","meta":{"inline_featured_image":false,"footnotes":""},"class_list":["post-13","page","type-page","status-publish","hentry"],"yoast_head":"<!-- This site is optimized with the Yoast SEO plugin v23.6 - https:\/\/yoast.com\/wordpress\/plugins\/seo\/ -->\n<title>Sag Hidrolik Turkey tube manipulation<\/title>\n<meta name=\"description\" content=\"Located logistically convenient to automotive hubs in Turkey and aiming for further overseas customers, SAG H\u0130DROL\u0130K TURKEY produces a wide range of rigid and flexible pipes in agricultural machinery, engine, industrial vehicles, earth-moving machinery segments. Our in-house capabilities and the variety of the business segments have been increasing on a steady and up-moving basis, as SAG H\u0130DROL\u0130K TURKEY continues to invest in machinery, technology, human resources, research and development.\" \/>\n<meta name=\"robots\" content=\"index, follow, max-snippet:-1, max-image-preview:large, max-video-preview:-1\" \/>\n<link rel=\"canonical\" href=\"https:\/\/saghidrolik.saggroup.com\/tr\/\" \/>\n<meta property=\"og:locale\" content=\"tr_TR\" \/>\n<meta property=\"og:type\" content=\"article\" \/>\n<meta property=\"og:title\" content=\"Sag Hidrolik Turkey tube manipulation\" \/>\n<meta property=\"og:description\" content=\"Located logistically convenient to automotive hubs in Turkey and aiming for further overseas customers, SAG H\u0130DROL\u0130K TURKEY produces a wide range of rigid and flexible pipes in agricultural machinery, engine, industrial vehicles, earth-moving machinery segments. Our in-house capabilities and the variety of the business segments have been increasing on a steady and up-moving basis, as SAG H\u0130DROL\u0130K TURKEY continues to invest in machinery, technology, human resources, research and development.\" \/>\n<meta property=\"og:url\" content=\"https:\/\/saghidrolik.saggroup.com\/tr\/\" \/>\n<meta property=\"og:site_name\" content=\"Sag Hidrolik\" \/>\n<meta property=\"article:modified_time\" content=\"2024-10-31T13:46:27+00:00\" \/>\n<meta name=\"twitter:card\" content=\"summary_large_image\" \/>\n<meta name=\"twitter:label1\" content=\"Tahmini okuma s\u00fcresi\" \/>\n\t<meta name=\"twitter:data1\" content=\"2 dakika\" \/>\n<script type=\"application\/ld+json\" class=\"yoast-schema-graph\">{\"@context\":\"https:\/\/schema.org\",\"@graph\":[{\"@type\":\"WebPage\",\"@id\":\"https:\/\/saghidrolik.saggroup.com\/tr\/\",\"url\":\"https:\/\/saghidrolik.saggroup.com\/tr\/\",\"name\":\"Sag Hidrolik Turkey tube manipulation\",\"isPartOf\":{\"@id\":\"https:\/\/saghidrolik.saggroup.com\/#website\"},\"datePublished\":\"2023-06-26T10:40:22+00:00\",\"dateModified\":\"2024-10-31T13:46:27+00:00\",\"description\":\"Located logistically convenient to automotive hubs in Turkey and aiming for further overseas customers, SAG H\u0130DROL\u0130K TURKEY produces a wide range of rigid and flexible pipes in agricultural machinery, engine, industrial vehicles, earth-moving machinery segments. Our in-house capabilities and the variety of the business segments have been increasing on a steady and up-moving basis, as SAG H\u0130DROL\u0130K TURKEY continues to invest in machinery, technology, human resources, research and development.\",\"breadcrumb\":{\"@id\":\"https:\/\/saghidrolik.saggroup.com\/tr\/#breadcrumb\"},\"inLanguage\":\"tr\",\"potentialAction\":[{\"@type\":\"ReadAction\",\"target\":[\"https:\/\/saghidrolik.saggroup.com\/tr\/\"]}]},{\"@type\":\"BreadcrumbList\",\"@id\":\"https:\/\/saghidrolik.saggroup.com\/tr\/#breadcrumb\",\"itemListElement\":[{\"@type\":\"ListItem\",\"position\":1,\"name\":\"Home\",\"item\":\"https:\/\/saghidrolik.saggroup.com\/tr\/\"},{\"@type\":\"ListItem\",\"position\":2,\"name\":\"Home\"}]},{\"@type\":\"WebSite\",\"@id\":\"https:\/\/saghidrolik.saggroup.com\/#website\",\"url\":\"https:\/\/saghidrolik.saggroup.com\/\",\"name\":\"Sag Hidrolik\",\"description\":\"\",\"potentialAction\":[{\"@type\":\"SearchAction\",\"target\":{\"@type\":\"EntryPoint\",\"urlTemplate\":\"https:\/\/saghidrolik.saggroup.com\/?s={search_term_string}\"},\"query-input\":{\"@type\":\"PropertyValueSpecification\",\"valueRequired\":true,\"valueName\":\"search_term_string\"}}],\"inLanguage\":\"tr\"}]}<\/script>\n<!-- \/ Yoast SEO plugin. -->","yoast_head_json":{"title":"Sag Hidrolik Turkey tube manipulation","description":"Located logistically convenient to automotive hubs in Turkey and aiming for further overseas customers, SAG H\u0130DROL\u0130K TURKEY produces a wide range of rigid and flexible pipes in agricultural machinery, engine, industrial vehicles, earth-moving machinery segments. Our in-house capabilities and the variety of the business segments have been increasing on a steady and up-moving basis, as SAG H\u0130DROL\u0130K TURKEY continues to invest in machinery, technology, human resources, research and development.","robots":{"index":"index","follow":"follow","max-snippet":"max-snippet:-1","max-image-preview":"max-image-preview:large","max-video-preview":"max-video-preview:-1"},"canonical":"https:\/\/saghidrolik.saggroup.com\/tr\/","og_locale":"tr_TR","og_type":"article","og_title":"Sag Hidrolik Turkey tube manipulation","og_description":"Located logistically convenient to automotive hubs in Turkey and aiming for further overseas customers, SAG H\u0130DROL\u0130K TURKEY produces a wide range of rigid and flexible pipes in agricultural machinery, engine, industrial vehicles, earth-moving machinery segments. Our in-house capabilities and the variety of the business segments have been increasing on a steady and up-moving basis, as SAG H\u0130DROL\u0130K TURKEY continues to invest in machinery, technology, human resources, research and development.","og_url":"https:\/\/saghidrolik.saggroup.com\/tr\/","og_site_name":"Sag Hidrolik","article_modified_time":"2024-10-31T13:46:27+00:00","twitter_card":"summary_large_image","twitter_misc":{"Tahmini okuma s\u00fcresi":"2 dakika"},"schema":{"@context":"https:\/\/schema.org","@graph":[{"@type":"WebPage","@id":"https:\/\/saghidrolik.saggroup.com\/tr\/","url":"https:\/\/saghidrolik.saggroup.com\/tr\/","name":"Sag Hidrolik Turkey tube manipulation","isPartOf":{"@id":"https:\/\/saghidrolik.saggroup.com\/#website"},"datePublished":"2023-06-26T10:40:22+00:00","dateModified":"2024-10-31T13:46:27+00:00","description":"Located logistically convenient to automotive hubs in Turkey and aiming for further overseas customers, SAG H\u0130DROL\u0130K TURKEY produces a wide range of rigid and flexible pipes in agricultural machinery, engine, industrial vehicles, earth-moving machinery segments. Our in-house capabilities and the variety of the business segments have been increasing on a steady and up-moving basis, as SAG H\u0130DROL\u0130K TURKEY continues to invest in machinery, technology, human resources, research and development.","breadcrumb":{"@id":"https:\/\/saghidrolik.saggroup.com\/tr\/#breadcrumb"},"inLanguage":"tr","potentialAction":[{"@type":"ReadAction","target":["https:\/\/saghidrolik.saggroup.com\/tr\/"]}]},{"@type":"BreadcrumbList","@id":"https:\/\/saghidrolik.saggroup.com\/tr\/#breadcrumb","itemListElement":[{"@type":"ListItem","position":1,"name":"Home","item":"https:\/\/saghidrolik.saggroup.com\/tr\/"},{"@type":"ListItem","position":2,"name":"Home"}]},{"@type":"WebSite","@id":"https:\/\/saghidrolik.saggroup.com\/#website","url":"https:\/\/saghidrolik.saggroup.com\/","name":"Sag Hidrolik","description":"","potentialAction":[{"@type":"SearchAction","target":{"@type":"EntryPoint","urlTemplate":"https:\/\/saghidrolik.saggroup.com\/?s={search_term_string}"},"query-input":{"@type":"PropertyValueSpecification","valueRequired":true,"valueName":"search_term_string"}}],"inLanguage":"tr"}]}},"rttpg_featured_image_url":null,"rttpg_author":{"display_name":"admin","author_link":"https:\/\/saghidrolik.saggroup.com\/tr\/author\/admin\/"},"rttpg_comment":0,"rttpg_category":" <a href=\"https:\/\/saghidrolik.saggroup.com\/tr\/?taxonomy=translation_priority&#038;term=opzionale-tr\" rel=\"tag\">Opzionale<\/a>","rttpg_excerpt":"[vc_row css_animation=&#8221;&#8221; row_type=&#8221;row&#8221; use_row_as_full_screen_section=&#8221;yes&#8221; type=&#8221;full_width&#8221; angled_section=&#8221;no&#8221; text_align=&#8221;center&#8221; background_image_as_pattern=&#8221;without_pattern&#8221; z_index=&#8221;&#8221; css=&#8221;.vc_custom_1699265058566{margin-top: 0px !important;margin-right: 0px !important;margin-left: 0px !important;}&#8221; el_class=&#8221;home-video-background&#8221;][vc_column css=&#8221;.vc_custom_1699265062702{margin-top: 0px !important;margin-right: 0px !important;margin-left: 0px !important;}&#8221;][vc_column_text][\/vc_column_text][\/vc_column][\/vc_row][vc_row css_animation=&#8221;&#8221; row_type=&#8221;row&#8221; use_row_as_full_screen_section=&#8221;no&#8221; type=&#8221;full_width&#8221; angled_section=&#8221;no&#8221; text_align=&#8221;left&#8221; background_image_as_pattern=&#8221;without_pattern&#8221; css=&#8221;.vc_custom_1719494512540{padding-top: 50px !important;padding-bottom: 50px !important;}&#8221; z_index=&#8221;&#8221; el_id=&#8221;aggancio&#8221;][vc_column el_class=&#8221;soluzioni_row&#8221;][vc_column_text el_class=&#8221;p_lg&#8221;] SAG GROUP&#8217;un bir \u00fcyesi olan...","_links":{"self":[{"href":"https:\/\/saghidrolik.saggroup.com\/tr\/wp-json\/wp\/v2\/pages\/13"}],"collection":[{"href":"https:\/\/saghidrolik.saggroup.com\/tr\/wp-json\/wp\/v2\/pages"}],"about":[{"href":"https:\/\/saghidrolik.saggroup.com\/tr\/wp-json\/wp\/v2\/types\/page"}],"author":[{"embeddable":true,"href":"https:\/\/saghidrolik.saggroup.com\/tr\/wp-json\/wp\/v2\/users\/1"}],"replies":[{"embeddable":true,"href":"https:\/\/saghidrolik.saggroup.com\/tr\/wp-json\/wp\/v2\/comments?post=13"}],"version-history":[{"count":5,"href":"https:\/\/saghidrolik.saggroup.com\/tr\/wp-json\/wp\/v2\/pages\/13\/revisions"}],"predecessor-version":[{"id":789,"href":"https:\/\/saghidrolik.saggroup.com\/tr\/wp-json\/wp\/v2\/pages\/13\/revisions\/789"}],"wp:attachment":[{"href":"https:\/\/saghidrolik.saggroup.com\/tr\/wp-json\/wp\/v2\/media?parent=13"}],"curies":[{"name":"wp","href":"https:\/\/api.w.org\/{rel}","templated":true}]}}